{"id":16309,"date":"2019-04-01T09:59:08","date_gmt":"2019-04-01T07:59:08","guid":{"rendered":"https:\/\/www.maisonpetitperlage.it\/?page_id=16309"},"modified":"2019-04-02T11:52:13","modified_gmt":"2019-04-02T09:52:13","slug":"escuela-de-champagne","status":"publish","type":"page","link":"https:\/\/www.maisonpetitperlage.it\/es\/escuela-de-champagne\/","title":{"rendered":"Escuela de Champagne"},"content":{"rendered":"<p>[vc_row css_animation=\u00bb\u00bb row_type=\u00bbrow\u00bb use_row_as_full_screen_section=\u00bbno\u00bb type=\u00bbgrid\u00bb angled_section=\u00bbno\u00bb text_align=\u00bbleft\u00bb background_image_as_pattern=\u00bbwithout_pattern\u00bb css=\u00bb.vc_custom_1531207948268{padding-top: 5% !important;padding-bottom: 5% !important;}\u00bb z_index=\u00bb\u00bb][vc_column][vc_column_text]<\/p>\n<h2>Un curso integral que permite de descubrir el mundo emozionante del champagne.<\/h2>\n<p>[\/vc_column_text][vc_empty_space height=\u00bb20px\u00bb][vc_column_text]Viajando entre terroir y champenois, zonas y subzonas, Cru y Lieudit, a la recerca del infinitamente peque\u00f1o, aquel Petit Perlage que hace grande un champ\u00e1n!<\/p>\n<p>Dos d\u00edas de formaci\u00f3n y informaci\u00f3n, de vivir en un clima de comparaci\u00f3n abierto y tranquilo debido al diversi\u00f3n y al estudio, bien se coinciden entre los exclusives pupitres escolares de Petit Perlage![\/vc_column_text][vc_empty_space height=\u00bb20px\u00bb][vc_column_text]<\/p>\n<p style=\"text-align: center;\"><a  itemprop=\"url\" href=\"#reserva\" target=\"_self\" data-hover-background-color=#626262 data-hover-border-color=#626262 data-hover-color=#fff class=\"qbutton  default\" style=\"color: #ffffff; border-color: #2F2F2F; background-color: #2F2F2F;\">Reserva el curso<\/a><\/p>\n<p>[\/vc_column_text][vc_empty_space height=\u00bb20px\u00bb][\/vc_column][\/vc_row][vc_row css_animation=\u00bb\u00bb row_type=\u00bbrow\u00bb use_row_as_full_screen_section=\u00bbno\u00bb type=\u00bbfull_width\u00bb angled_section=\u00bbno\u00bb text_align=\u00bbleft\u00bb background_image_as_pattern=\u00bbwithout_pattern\u00bb css=\u00bb.vc_custom_1531210269271{margin-right: 0px !important;margin-left: 0px !important;padding-top: 3% !important;padding-right: 0px !important;padding-bottom: 3% !important;padding-left: 0px !important;background-color: #efefef !important;}\u00bb z_index=\u00bb\u00bb][vc_column width=\u00bb1\/2&#8243; css=\u00bb.vc_custom_1531210279330{margin-right: 0px !important;margin-left: 0px !important;padding-right: 0px !important;padding-left: 0px !important;}\u00bb][vc_single_image image=\u00bb16262&#8243; img_size=\u00bb900&#215;600&#8243; alignment=\u00bbcenter\u00bb qode_css_animation=\u00bb\u00bb][\/vc_column][vc_column width=\u00bb1\/2&#8243; el_class=\u00bbtable-school\u00bb][vc_column_text]<\/p>\n<h2 style=\"text-align: center;\">Programma<\/h2>\n<p>[\/vc_column_text][vc_empty_space height=\u00bb20px\u00bb]<div class='service_table_holder'><ul class='service_table_inner'><li class='service_table_title_holder background_color_type' style='background-color: #efefef;'><div class='service_table_title_inner'><div class='service_table_title_inner2'><\/div><\/div><\/li><li class='service_table_content' style='background-color: #efefef;'><\/p>\n<ul>\n<li><strong>S\u00e1bado por la tarde<\/strong>: Comienzo del curso de Champagne<\/li>\n<li>Cena del s\u00e1bado por la noche<\/li>\n<li>Noche en la estructura<\/li>\n<li><strong>Domingo por la ma\u00f1ana:<\/strong> Segunda parte del curso<\/li>\n<li>Champagne Brunch del domingo<\/li>\n<\/ul>\n<p><\/li><\/ul><\/div>[vc_empty_space height=\u00bb80px\u00bb][vc_column_text]<\/p>\n<p style=\"text-align: center; font-size: 36px; line-height: 42px;\"><span style=\"color: #000000;\">PRECIO: <strong>\u20ac 150<\/strong> <em>a persona<\/em><\/span><\/p>\n<p>[\/vc_column_text][\/vc_column][\/vc_row][vc_row css_animation=\u00bb\u00bb row_type=\u00bbrow\u00bb use_row_as_full_screen_section=\u00bbno\u00bb type=\u00bbgrid\u00bb anchor=\u00bbreserva\u00bb angled_section=\u00bbno\u00bb text_align=\u00bbleft\u00bb background_image_as_pattern=\u00bbwithout_pattern\u00bb css=\u00bb.vc_custom_1554190834247{padding-top: 3% !important;padding-bottom: 3% !important;}\u00bb z_index=\u00bb\u00bb][vc_column][vc_column_text]<\/p>\n<h3 style=\"text-align: center;\">Reserva tu \u00abEscuela de Champ\u00e1n\u00bb<\/h3>\n<p>[\/vc_column_text][vc_column_text]<\/p>\n<p style=\"text-align: center;\">Rellene todos los campos obligatorios del siguiente formulario. Recibir\u00e1 un correo electr\u00f3nico confirmando su reserva seg\u00fan la disponibilidad.<\/p>\n<p>[\/vc_column_text][vc_empty_space height=\u00bb40px\u00bb]\n<div class=\"wpcf7 no-js\" id=\"wpcf7-f16454-o1\" lang=\"es-ES\" dir=\"ltr\" data-wpcf7-id=\"16454\">\n<div class=\"screen-reader-response\"><p role=\"status\" aria-live=\"polite\" aria-atomic=\"true\"><\/p> <ul><\/ul><\/div>\n<form action=\"\/es\/wp-json\/wp\/v2\/pages\/16309#wpcf7-f16454-o1\" method=\"post\" class=\"wpcf7-form init cf7_custom_style_1 wpcf7-acceptance-as-validation\" aria-label=\"Formulario de contacto\" novalidate=\"novalidate\" data-status=\"init\">\n<fieldset class=\"hidden-fields-container\"><input type=\"hidden\" name=\"_wpcf7\" value=\"16454\" \/><input type=\"hidden\" name=\"_wpcf7_version\" value=\"6.1.5\" \/><input type=\"hidden\" name=\"_wpcf7_locale\" value=\"es_ES\" \/><input type=\"hidden\" name=\"_wpcf7_unit_tag\" value=\"wpcf7-f16454-o1\" \/><input type=\"hidden\" name=\"_wpcf7_container_post\" value=\"0\" \/><input type=\"hidden\" name=\"_wpcf7_posted_data_hash\" value=\"\" \/><input type=\"hidden\" name=\"_wpcf7_recaptcha_response\" value=\"\" \/>\n<\/fieldset>\n<div class=\"vc_row\">\n\t<div class=\"wpb_column vc_column_container vc_col-sm-6\">\n\t\t<div class=\"vc_column-inner \">\n\t\t\t<p><label> Nombre (necesario)<br \/>\n<span class=\"wpcf7-form-control-wrap\" data-name=\"nome\"><input size=\"40\" maxlength=\"400\" class=\"wpcf7-form-control wpcf7-text wpcf7-validates-as-required\" aria-required=\"true\" aria-invalid=\"false\" value=\"\" type=\"text\" name=\"nome\" \/><\/span> <\/label>\n\t\t\t<\/p>\n\t\t<\/div>\n\t<\/div>\n\t<div class=\"wpb_column vc_column_container vc_col-sm-6\">\n\t\t<div class=\"vc_column-inner \">\n\t\t\t<p><label> Apellido (necesario)<br \/>\n<span class=\"wpcf7-form-control-wrap\" data-name=\"cognome\"><input size=\"40\" maxlength=\"400\" class=\"wpcf7-form-control wpcf7-text wpcf7-validates-as-required\" aria-required=\"true\" aria-invalid=\"false\" value=\"\" type=\"text\" name=\"cognome\" \/><\/span> <\/label>\n\t\t\t<\/p>\n\t\t<\/div>\n\t<\/div>\n<\/div>\n<div class=\"vc_row\">\n\t<div class=\"wpb_column vc_column_container vc_col-sm-6\">\n\t\t<div class=\"vc_column-inner \">\n\t\t\t<p><label> Tu email (necesario)<br \/>\n<span class=\"wpcf7-form-control-wrap\" data-name=\"indirizzo-email\"><input size=\"40\" maxlength=\"400\" class=\"wpcf7-form-control wpcf7-email wpcf7-validates-as-required wpcf7-text wpcf7-validates-as-email\" aria-required=\"true\" aria-invalid=\"false\" value=\"\" type=\"email\" name=\"indirizzo-email\" \/><\/span> <\/label>\n\t\t\t<\/p>\n\t\t<\/div>\n\t<\/div>\n\t<div class=\"wpb_column vc_column_container vc_col-sm-6\">\n\t\t<div class=\"vc_column-inner \">\n\t\t\t<p><label> Tel\u00e9fono (opcional)<br \/>\n<span class=\"wpcf7-form-control-wrap\" data-name=\"tel-307\"><input size=\"40\" maxlength=\"400\" class=\"wpcf7-form-control wpcf7-tel wpcf7-text wpcf7-validates-as-tel\" aria-invalid=\"false\" value=\"\" type=\"tel\" name=\"tel-307\" \/><\/span> <\/label>\n\t\t\t<\/p>\n\t\t<\/div>\n\t<\/div>\n<\/div>\n<div class=\"vc_row\">\n\t<div class=\"wpb_column vc_column_container vc_col-sm-6\">\n\t\t<div class=\"vc_column-inner \">\n\t\t\t<p><label>N\u00famero de partecipantes (necesario)<br \/>\n<span class=\"wpcf7-form-control-wrap\" data-name=\"menu-376\"><select class=\"wpcf7-form-control wpcf7-select wpcf7-validates-as-required\" aria-required=\"true\" aria-invalid=\"false\" name=\"menu-376\"><option value=\"\">&#8212;Por favor, elige una opci\u00f3n&#8212;<\/option><option value=\"1\">1<\/option><option value=\"2\">2<\/option><option value=\"3\">3<\/option><option value=\"4\">4<\/option><\/select><\/span> <\/label>\n\t\t\t<\/p>\n\t\t<\/div>\n\t<\/div>\n\t<div class=\"wpb_column vc_column_container vc_col-sm-6\">\n\t\t<div class=\"vc_column-inner \">\n\t\t\t<p><label> Fecha de llegada (necesario)<br \/>\n<span class=\"wpcf7-form-control-wrap\" data-name=\"date-115\"><input class=\"wpcf7-form-control wpcf7-date wpcf7-validates-as-required wpcf7-validates-as-date\" aria-required=\"true\" aria-invalid=\"false\" value=\"\" type=\"date\" name=\"date-115\" \/><\/span> <\/label>\n\t\t\t<\/p>\n\t\t<\/div>\n\t<\/div>\n<\/div>\n<div class=\"vc_row\">\n\t<div class=\"wpb_column vc_column_container vc_col-sm-12\">\n\t\t<div class=\"vc_column-inner \">\n\t\t\t<p><label> Tu mensaje (opcional)<br \/>\n<span class=\"wpcf7-form-control-wrap\" data-name=\"messaggio\"><textarea cols=\"40\" rows=\"10\" maxlength=\"2000\" class=\"wpcf7-form-control wpcf7-textarea\" aria-invalid=\"false\" name=\"messaggio\"><\/textarea><\/span> <\/label>\n\t\t\t<\/p>\n\t\t<\/div>\n\t<\/div>\n<\/div>\n<div class=\"vc_row\">\n\t<div class=\"wpb_column vc_column_container vc_col-sm-12\">\n\t\t<div class=\"vc_column-inner \">\n\t\t\t<div class=\"pr-vision\">\n\t\t\t\t<p><a target=\"_blank\" href=\"\/es\/politica-de-privacidad\/\" title=\"Ley de Privacidad\">Revise la Ley de Privacidad &raquo;<\/a>\n\t\t\t\t<\/p>\n\t\t\t\t<p class=\"check\"><span class=\"wpcf7-form-control-wrap\" data-name=\"accept-this-1\"><span class=\"wpcf7-form-control wpcf7-acceptance\"><span class=\"wpcf7-list-item\"><input type=\"checkbox\" name=\"accept-this-1\" value=\"1\" aria-invalid=\"false\" \/><\/span><\/span><\/span> Acepto el tratamiento de mis datos personales (necesario)\n\t\t\t\t<\/p>\n\t\t\t<\/div>\n\t\t<\/div>\n\t<\/div>\n<\/div>\n<div class=\"vc_row\">\n\t<div class=\"wpb_column vc_column_container vc_col-sm-12\">\n\t\t<div class=\"vc_column-inner \">\n\t\t\t<p class=\"p-butt hidden-xs\"><input class=\"wpcf7-form-control wpcf7-submit has-spinner\" type=\"submit\" value=\"Libro de la Escuela de Champagne\" \/>\n\t\t\t<\/p>\n\t\t\t<p class=\"p-butt visible-xs\"><input class=\"wpcf7-form-control wpcf7-submit has-spinner\" type=\"submit\" value=\"Libro\" \/>\n\t\t\t<\/p>\n\t\t<\/div>\n\t<\/div>\n<\/div><div class=\"wpcf7-response-output\" aria-hidden=\"true\"><\/div>\n<\/form>\n<\/div>\n[\/vc_column][\/vc_row]<\/p>\n","protected":false},"excerpt":{"rendered":"<p>[vc_row css_animation=\u00bb\u00bb row_type=\u00bbrow\u00bb use_row_as_full_screen_section=\u00bbno\u00bb type=\u00bbgrid\u00bb angled_section=\u00bbno\u00bb text_align=\u00bbleft\u00bb background_image_as_pattern=\u00bbwithout_pattern\u00bb css=\u00bb.vc_custom_1531207948268{padding-top: 5% !important;padding-bottom: 5% !important;}\u00bb z_index=\u00bb\u00bb][vc_column][vc_column_text] Un curso integral que permite de descubrir el mundo emozionante del champagne. [\/vc_column_text][vc_empty_space height=\u00bb20px\u00bb][vc_column_text]Viajando entre terroir y champenois, zonas y subzonas, Cru y Lieudit, a la&#8230;<\/p>\n","protected":false},"author":2,"featured_media":0,"parent":0,"menu_order":0,"comment_status":"closed","ping_status":"closed","template":"full_width.php","meta":{"footnotes":""},"class_list":["post-16309","page","type-page","status-publish","hentry"],"_links":{"self":[{"href":"https:\/\/www.maisonpetitperlage.it\/es\/wp-json\/wp\/v2\/pages\/16309","targetHints":{"allow":["GET"]}}],"collection":[{"href":"https:\/\/www.maisonpetitperlage.it\/es\/wp-json\/wp\/v2\/pages"}],"about":[{"href":"https:\/\/www.maisonpetitperlage.it\/es\/wp-json\/wp\/v2\/types\/page"}],"author":[{"embeddable":true,"href":"https:\/\/www.maisonpetitperlage.it\/es\/wp-json\/wp\/v2\/users\/2"}],"replies":[{"embeddable":true,"href":"https:\/\/www.maisonpetitperlage.it\/es\/wp-json\/wp\/v2\/comments?post=16309"}],"version-history":[{"count":7,"href":"https:\/\/www.maisonpetitperlage.it\/es\/wp-json\/wp\/v2\/pages\/16309\/revisions"}],"predecessor-version":[{"id":16457,"href":"https:\/\/www.maisonpetitperlage.it\/es\/wp-json\/wp\/v2\/pages\/16309\/revisions\/16457"}],"wp:attachment":[{"href":"https:\/\/www.maisonpetitperlage.it\/es\/wp-json\/wp\/v2\/media?parent=16309"}],"curies":[{"name":"wp","href":"https:\/\/api.w.org\/{rel}","templated":true}]}}