{"id":16302,"date":"2019-04-01T09:55:12","date_gmt":"2019-04-01T07:55:12","guid":{"rendered":"https:\/\/www.maisonpetitperlage.it\/?page_id=16302"},"modified":"2019-04-02T09:32:16","modified_gmt":"2019-04-02T07:32:16","slug":"quienes-somos","status":"publish","type":"page","link":"https:\/\/www.maisonpetitperlage.it\/es\/quienes-somos\/","title":{"rendered":"Qui\u00e9nes somos"},"content":{"rendered":"<p>[vc_row css_animation=\u00bb\u00bb row_type=\u00bbrow\u00bb use_row_as_full_screen_section=\u00bbno\u00bb type=\u00bbgrid\u00bb angled_section=\u00bbno\u00bb text_align=\u00bbcenter\u00bb background_image_as_pattern=\u00bbwithout_pattern\u00bb css=\u00bb.vc_custom_1503324536289{padding-top: 8% !important;padding-bottom: 7.9% !important;}\u00bb][vc_column][vc_single_image image=\u00bb15449&#8243; img_size=\u00bbfull\u00bb alignment=\u00bbcenter\u00bb qode_css_animation=\u00bb\u00bb][vc_empty_space height=\u00bb53px\u00bb][vc_column_text]<\/p>\n<p style=\"font-size: 16px; line-height: 22px; text-align: justify;\">Me llamo Gionata Venesio y soy una persona que vive de pasiones, curiosidad y emociones. Siempre a la recerca de las noticias y de aquellas cosas que realmente coinciden conmigo. Dos los puntos fijos, la familla y el champ\u00e1n.<br \/>\nTodo el resto son, trabajo, estudio, viajes y formaci\u00f3n para ser siempre hasta la situaci\u00f3n. Alrededor de estas bisagras ruotan mi vida y los innumerables actividades realizadas con satisfacci\u00f3n hasta aqu\u00ed. Sommelier, entrenador, periodista publicista, organizador de los eventos, experto jurado, restaurador, operador de bienestar y otras cosas que otra cosa que estoy olvidando. \u00a1Tambi\u00e9n, a menudo, olvido que debemos dormir! Es cierto que a pesar de los m\u00faltiples intereses, todo es siempre girado alrededor a lo maravilloso mundo del champ\u00e1n, tratando de hacer que los elementos interact\u00faen en busca de la perfecci\u00f3n.<br \/>\nAhora son 16 a\u00f1os que el champ\u00e1n se ha convertido en parte de mi vida y estoy razonablemente convencido que es parte de m\u00ed mismo.<br \/>\nAmo el cansado trabajo de la cosecha realizada en la presa, amo respirar el aire fresco al amanecer de las ma\u00f1anas frascas entre los vi\u00f1edos. \u00a1Me emociono todas las veces que de un amigo vigneron pruebo el rayo en el vaso, la apoteosis de la perficci\u00f3n, el antidepresivo por excelencia!<\/p>\n<p>[\/vc_column_text][vc_empty_space height=\u00bb41px\u00bb][vc_single_image image=\u00bb15896&#8243; img_size=\u00bbfull\u00bb alignment=\u00bbcenter\u00bb qode_css_animation=\u00bb\u00bb][\/vc_column][\/vc_row][vc_row row_type=\u00bbparallax\u00bb parallax_content_width=\u00bbin_grid\u00bb text_align=\u00bbcenter\u00bb background_image=\u00bb15532&#8243; full_screen_section_height=\u00bbno\u00bb][vc_column][qode_elements_holder number_of_columns=\u00bbone_column\u00bb][qode_elements_holder_item item_padding=\u00bb31.6% 0&#8243; advanced_animations=\u00bbno\u00bb item_padding_1280_1440=\u00bb21.6% 0&#8243; item_padding_1024_1280=\u00bb21.6% 0&#8243; item_padding_768_1024=\u00bb21.6% 0&#8243; item_padding_600_768=\u00bb36.6% 0&#8243; item_padding_480_600=\u00bb34.6% 0&#8243; item_padding_480=\u00bb32.6% 0&#8243;][vc_column_text css=\u00bb.vc_custom_1554189845712{margin-bottom: 0px !important;padding-top: 40px !important;padding-right: 40px !important;padding-bottom: 20px !important;padding-left: 40px !important;background-color: rgba(255,255,255,0.69) !important;*background-color: rgb(255,255,255) !important;}\u00bb]<\/p>\n<h2 style=\"text-align: left;\"><span style=\"color: #333333;\">\u00a1Maison Petit Perlage significa beber Champ\u00e1n en un alojamiento de lujo, inmerso en la naturaleza de la zona del Monferrato!<\/span><\/h2>\n<p>[\/vc_column_text][vc_column_text css=\u00bb.vc_custom_1554190333508{margin-top: 0px !important;padding-right: 40px !important;padding-bottom: 60px !important;padding-left: 40px !important;background-color: rgba(255,255,255,0.69) !important;*background-color: rgb(255,255,255) !important;}\u00bb]<\/p>\n<p style=\"text-align: justify; margin-bottom: 20px;\"><span style=\"color: #333333;\">Vives momentos de <strong>relajaci\u00f3n absoluta en el m\u00e1ximo comfort<\/strong> entre panorama sugerente y espumoso champ\u00e1n servidos gracias a la champagnerie bien surtida de <strong>Maison Petit Perlage<\/strong>.<\/span><\/p>\n<p style=\"text-align: justify; margin-bottom: 20px;\"><span style=\"color: #333333;\"><strong>Accesible en helic\u00f3ptero<\/strong> gracias a la pista de aterrizaje privada dentro de la propiedad o desde los aeropuertos m\u00e1s importantes o las estaciones de tren con servicio de limusina Maison Petit Perlage, esta posada con encanto ofrece tres habitaciones tem\u00e1ticas confortables <strong>decoradas por el dise\u00f1ador de interiores, ilustrador Tiziano Boglio.<\/strong><\/span><\/p>\n<p style=\"text-align: justify; margin-bottom: 20px;\"><span style=\"color: #333333;\"><strong>Maison Petit Perlage<\/strong> se encuentra en Piedmont a dos pasos de Casale Monferrato, Vercelli y Alessandria. En poco menos de una hora se llegan Torini, Alba o Genova con su mar. Somos entre las colinas del Monferrato tierra de buena cocina, excelentes vinos y vistas impresionantes. Castillos medievales, casas rurales y el Sacro Monte di Crea (Patrimonio Mundial de la UNESCO) son algunos de los muchos lugares de inter\u00e9s que la zona ofrece.<\/span><\/p>\n<p style=\"text-align: justify; margin-bottom: 20px;\"><span style=\"color: #333333;\"><strong>Monferrato<\/strong> es un lugar encantado donde reina la naturaleza y la hospidalidad est\u00e1 en casa, ofreci\u00e9ndose a pie, en bici o a caballo, los innumerables itinerarios disponibles que pasan por vi\u00f1edos, rios y lugares de inter\u00e9s hist\u00f3rico. Pueblos remotas donde las tracciones e historia locales se unen para crear un ambiente \u00fanico y evocador..<\/span><\/p>\n<p>[\/vc_column_text][\/qode_elements_holder_item][\/qode_elements_holder][\/vc_column][\/vc_row][vc_row css_animation=\u00bb\u00bb row_type=\u00bbrow\u00bb use_row_as_full_screen_section=\u00bbno\u00bb type=\u00bbgrid\u00bb angled_section=\u00bbno\u00bb text_align=\u00bbleft\u00bb background_image_as_pattern=\u00bbwithout_pattern\u00bb css=\u00bb.vc_custom_1503063682373{padding-top: 7.2% !important;padding-bottom: 7% !important;}\u00bb][vc_column width=\u00bb2\/3&#8243; offset=\u00bbvc_col-lg-offset-0 vc_col-lg-4 vc_col-md-offset-0 vc_col-md-4 vc_col-sm-offset-2&#8243;][vc_empty_space height=\u00bb50px\u00bb][vc_single_image image=\u00bb15536&#8243; img_size=\u00bbfull\u00bb qode_css_animation=\u00bb\u00bb][vc_empty_space height=\u00bb34px\u00bb][vc_column_text]El champ\u00e1n es nuestra gran pasi\u00f3n&#8230;[\/vc_column_text][vc_empty_space height=\u00bb30px\u00bb][\/vc_column][vc_column width=\u00bb2\/3&#8243; offset=\u00bbvc_col-lg-offset-0 vc_col-lg-4 vc_col-md-offset-0 vc_col-md-4 vc_col-sm-offset-2&#8243;][vc_empty_space height=\u00bb50px\u00bb][vc_single_image image=\u00bb15895&#8243; img_size=\u00bbfull\u00bb qode_css_animation=\u00bb\u00bb][vc_empty_space height=\u00bb34px\u00bb][vc_column_text]&#8230;la fuerza motriz que ha conducido al nacimiento de la Maison&#8230;[\/vc_column_text][vc_empty_space height=\u00bb30px\u00bb][\/vc_column][vc_column width=\u00bb2\/3&#8243; offset=\u00bbvc_col-lg-offset-0 vc_col-lg-4 vc_col-md-offset-0 vc_col-md-4 vc_col-sm-offset-2&#8243;][vc_empty_space height=\u00bb50px\u00bb][vc_single_image image=\u00bb15535&#8243; img_size=\u00bbfull\u00bb qode_css_animation=\u00bb\u00bb][vc_empty_space height=\u00bb34px\u00bb][vc_column_text]\u00a1Donde puede gustar m\u00e1s de <strong>40 etiquetas de champ\u00e1n seleccionado<\/strong> disfrutando de la vista desde la terraza del sal\u00f3n![\/vc_column_text][vc_empty_space height=\u00bb30px\u00bb][\/vc_column][\/vc_row][vc_row row_type=\u00bbparallax\u00bb parallax_content_width=\u00bbfull_width\u00bb text_align=\u00bbcenter\u00bb background_image=\u00bb15539&#8243; full_screen_section_height=\u00bbno\u00bb css=\u00bb.vc_custom_1530786914047{background-color: #cbe504 !important;}\u00bb][vc_column][vc_column_text css=\u00bb.vc_custom_1554190010186{padding-top: 5% !important;padding-bottom: 5% !important;}\u00bb]<\/p>\n<h2 style=\"text-align: center;\"><span style=\"color: #ffffff;\">\u00bfQu\u00e9 dicen los hu\u00e9spedes de la Maison?&#8230;<\/span><\/h2>\n<p>[\/vc_column_text][\/vc_column][\/vc_row][vc_row css_animation=\u00bb\u00bb row_type=\u00bbrow\u00bb use_row_as_full_screen_section=\u00bbno\u00bb type=\u00bbgrid\u00bb angled_section=\u00bbno\u00bb text_align=\u00bbleft\u00bb background_image_as_pattern=\u00bbwith_pattern\u00bb background_color=\u00bb#ffffff\u00bb z_index=\u00bb\u00bb css=\u00bb.vc_custom_1530786921814{background-color: #cbe504 !important;}\u00bb][vc_column][vc_empty_space height=\u00bb30px\u00bb][vc_single_image image=\u00bb213&#8243; alignment=\u00bbcenter\u00bb qode_css_animation=\u00bb\u00bb][vc_empty_space height=\u00bb30px\u00bb]<div class='testimonials_holder clearfix light'><div class=\"testimonials testimonials_carousel\" data-show-navigation=\"yes\" data-animation-type=\"fade\" data-animation-speed=\"\" data-auto-rotate-slides=\"10\" data-number-per-slide=\"1\"><ul class=\"slides\"><li id=\"testimonials16425\" class=\"testimonial_content\"><div class=\"testimonial_content_inner\"><div class=\"testimonial_text_holder\"><div class=\"testimonial_text_inner\" style=\"\"><p>Fant\u00e1stico solarium con sof\u00e1s y sillones para disfrutar de un aperitivo con vistas a las colinas o relajarse bajo el sol. Entre los servicios ofrecidos por Maison Petit Perlage, hemos descubierto con sorpresa una verdadera champagnerie en la que puedes tomar un sorbo de champ\u00e1n en busca de m\u00e1s de 40 etiquetas. Una experiencia \u00fanica.<\/p><p class=\"testimonial_author\" style=\"\">Marta e Andrea<span class=\"author_company_divider\"> - <\/span><span class=\"author_company\">septiembre de 2018<\/span><\/p><\/div><\/div><\/div><\/li><li id=\"testimonials16424\" class=\"testimonial_content\"><div class=\"testimonial_content_inner\"><div class=\"testimonial_text_holder\"><div class=\"testimonial_text_inner\" style=\"\"><p>Me aloj\u00e9 en la habitaci\u00f3n de Pinot Meunier. Fant\u00e1stica ducha emocional con hammam, para probar! El techo con vigas de madera a la vista est\u00e1 equipado con todas las comodidades, con un mini bar con champ\u00e1n, hielo y vasos adecuados. Aire acondicionado, smart tv y wi-fi. Caja fuerte. Confort y relax, definitivamente volver\u00e9 la pr\u00f3xima vez. \r\n\u00a1Buenos!<\/p><p class=\"testimonial_author\" style=\"\">Mark Desmet<span class=\"author_company_divider\"> - <\/span><span class=\"author_company\">julio 2018<\/span><\/p><\/div><\/div><\/div><\/li><li id=\"testimonials16423\" class=\"testimonial_content\"><div class=\"testimonial_content_inner\"><div class=\"testimonial_text_holder\"><div class=\"testimonial_text_inner\" style=\"\"><p>Somos estados con nuestros chicos el la habitci\u00f3n espaciosa y hermosa de 4 personas. Era una tarde sofocante y la piscina nos ha refrescado y permitido relajarse al m\u00e1ximo. \u00a1Inmerso entre las colinas del Monferrato hemos pasado tres d\u00edas hermosos. \u00a1Recomiendo a todos a probar!<\/p><p class=\"testimonial_author\" style=\"\">Anne Fran\u00e7ois<span class=\"author_company_divider\"> - <\/span><span class=\"author_company\">junio 2018<\/span><\/p><\/div><\/div><\/div><\/li><\/ul><\/div><\/div>[vc_empty_space height=\u00bb30px\u00bb][\/vc_column][\/vc_row]<\/p>\n","protected":false},"excerpt":{"rendered":"<p>[vc_row css_animation=\u00bb\u00bb row_type=\u00bbrow\u00bb use_row_as_full_screen_section=\u00bbno\u00bb type=\u00bbgrid\u00bb angled_section=\u00bbno\u00bb text_align=\u00bbcenter\u00bb background_image_as_pattern=\u00bbwithout_pattern\u00bb css=\u00bb.vc_custom_1503324536289{padding-top: 8% !important;padding-bottom: 7.9% !important;}\u00bb][vc_column][vc_single_image image=\u00bb15449&#8243; img_size=\u00bbfull\u00bb alignment=\u00bbcenter\u00bb qode_css_animation=\u00bb\u00bb][vc_empty_space height=\u00bb53px\u00bb][vc_column_text] Me llamo Gionata Venesio y soy una persona que vive de pasiones, curiosidad y emociones. Siempre a la recerca de las noticias&#8230;<\/p>\n","protected":false},"author":2,"featured_media":0,"parent":0,"menu_order":0,"comment_status":"closed","ping_status":"closed","template":"full_width.php","meta":{"footnotes":""},"class_list":["post-16302","page","type-page","status-publish","hentry"],"_links":{"self":[{"href":"https:\/\/www.maisonpetitperlage.it\/es\/wp-json\/wp\/v2\/pages\/16302","targetHints":{"allow":["GET"]}}],"collection":[{"href":"https:\/\/www.maisonpetitperlage.it\/es\/wp-json\/wp\/v2\/pages"}],"about":[{"href":"https:\/\/www.maisonpetitperlage.it\/es\/wp-json\/wp\/v2\/types\/page"}],"author":[{"embeddable":true,"href":"https:\/\/www.maisonpetitperlage.it\/es\/wp-json\/wp\/v2\/users\/2"}],"replies":[{"embeddable":true,"href":"https:\/\/www.maisonpetitperlage.it\/es\/wp-json\/wp\/v2\/comments?post=16302"}],"version-history":[{"count":6,"href":"https:\/\/www.maisonpetitperlage.it\/es\/wp-json\/wp\/v2\/pages\/16302\/revisions"}],"predecessor-version":[{"id":16418,"href":"https:\/\/www.maisonpetitperlage.it\/es\/wp-json\/wp\/v2\/pages\/16302\/revisions\/16418"}],"wp:attachment":[{"href":"https:\/\/www.maisonpetitperlage.it\/es\/wp-json\/wp\/v2\/media?parent=16302"}],"curies":[{"name":"wp","href":"https:\/\/api.w.org\/{rel}","templated":true}]}}