{"id":16300,"date":"2019-04-01T09:48:07","date_gmt":"2019-04-01T07:48:07","guid":{"rendered":"https:\/\/www.maisonpetitperlage.it\/?page_id=16300"},"modified":"2021-06-09T16:56:26","modified_gmt":"2021-06-09T14:56:26","slug":"habitacion-pinot-meunier","status":"publish","type":"page","link":"https:\/\/www.maisonpetitperlage.it\/es\/habitaciones\/habitacion-pinot-meunier\/","title":{"rendered":"Habitaci\u00f3n Pinot Meunier"},"content":{"rendered":"<p>[vc_row css_animation=\u00bb\u00bb row_type=\u00bbrow\u00bb use_row_as_full_screen_section=\u00bbno\u00bb type=\u00bbgrid\u00bb angled_section=\u00bbno\u00bb text_align=\u00bbleft\u00bb background_image_as_pattern=\u00bbwithout_pattern\u00bb css=\u00bb.vc_custom_1531730376763{padding-top: 5% !important;padding-bottom: 5% !important;}\u00bb z_index=\u00bb\u00bb][vc_column width=\u00bb1\/2&#8243;][vc_single_image image=\u00bb17125&#8243; img_size=\u00bbfull\u00bb alignment=\u00bbcenter\u00bb onclick=\u00bbzoom\u00bb qode_css_animation=\u00bb\u00bb][vc_empty_space height=\u00bb20px\u00bb]<div class=\"qode-advanced-image-gallery  qode-aig-grid-type qode-tiny-space  qode-image-behavior-lightbox \">\n\t<div class=\"qode-aig-inner qode-outer-space qode-aig-grid qode-aig-three-columns\">\n\t\t\t\t\t<div class=\"qode-aig-image qode-item-space\">\n\t\t\t\t<div class=\"qode-aig-image-inner\">\n\t\t\t\t\t\t\t\t\t\t\t<a itemprop=\"image\" class=\"qode-aig-lightbox\" href=\"https:\/\/www.maisonpetitperlage.it\/wp-content\/uploads\/2018\/07\/maison-petit-perlage-stanza-pinot-meunier-08.jpg\" data-rel=\"prettyPhoto[image_gallery_pretty_photo-792]\" title=\"maison-petit-perlage-stanza-pinot-meunier-08\">\n\t\t\t\t\t\t\t\t\t\t\t<img loading=\"lazy\" decoding=\"async\" src=\"https:\/\/www.maisonpetitperlage.it\/wp-content\/uploads\/2018\/07\/maison-petit-perlage-stanza-pinot-meunier-08-300x300.jpg\" alt=\"\" width=\"300\" height=\"300\" \/>\t\t\t\t\t\t<span class=\"aig-gallery-hover\">\n\t\t\t\t\t\t\t\t\t\t\t\t\t<\/span>\n\t\t\t\t\t\t\t\t\t\t\t<\/a>\n\t\t\t\t\t\t\t\t\t<\/div>\n\t\t\t<\/div>\n\t\t\t\t\t<div class=\"qode-aig-image qode-item-space\">\n\t\t\t\t<div class=\"qode-aig-image-inner\">\n\t\t\t\t\t\t\t\t\t\t\t<a itemprop=\"image\" class=\"qode-aig-lightbox\" href=\"https:\/\/www.maisonpetitperlage.it\/wp-content\/uploads\/2018\/07\/maison-petit-perlage-stanza-pinot-meunier-07.jpg\" data-rel=\"prettyPhoto[image_gallery_pretty_photo-792]\" title=\"maison-petit-perlage-stanza-pinot-meunier-07\">\n\t\t\t\t\t\t\t\t\t\t\t<img loading=\"lazy\" decoding=\"async\" src=\"https:\/\/www.maisonpetitperlage.it\/wp-content\/uploads\/2018\/07\/maison-petit-perlage-stanza-pinot-meunier-07-300x300.jpg\" alt=\"\" width=\"300\" height=\"300\" \/>\t\t\t\t\t\t<span class=\"aig-gallery-hover\">\n\t\t\t\t\t\t\t\t\t\t\t\t\t<\/span>\n\t\t\t\t\t\t\t\t\t\t\t<\/a>\n\t\t\t\t\t\t\t\t\t<\/div>\n\t\t\t<\/div>\n\t\t\t\t\t<div class=\"qode-aig-image qode-item-space\">\n\t\t\t\t<div class=\"qode-aig-image-inner\">\n\t\t\t\t\t\t\t\t\t\t\t<a itemprop=\"image\" class=\"qode-aig-lightbox\" href=\"https:\/\/www.maisonpetitperlage.it\/wp-content\/uploads\/2018\/07\/maison-petit-perlage-stanza-pinot-meunier-06.jpg\" data-rel=\"prettyPhoto[image_gallery_pretty_photo-792]\" title=\"maison-petit-perlage-stanza-pinot-meunier-06\">\n\t\t\t\t\t\t\t\t\t\t\t<img loading=\"lazy\" decoding=\"async\" src=\"https:\/\/www.maisonpetitperlage.it\/wp-content\/uploads\/2018\/07\/maison-petit-perlage-stanza-pinot-meunier-06-300x300.jpg\" alt=\"\" width=\"300\" height=\"300\" \/>\t\t\t\t\t\t<span class=\"aig-gallery-hover\">\n\t\t\t\t\t\t\t\t\t\t\t\t\t<\/span>\n\t\t\t\t\t\t\t\t\t\t\t<\/a>\n\t\t\t\t\t\t\t\t\t<\/div>\n\t\t\t<\/div>\n\t\t\t\t\t<div class=\"qode-aig-image qode-item-space\">\n\t\t\t\t<div class=\"qode-aig-image-inner\">\n\t\t\t\t\t\t\t\t\t\t\t<a itemprop=\"image\" class=\"qode-aig-lightbox\" href=\"https:\/\/www.maisonpetitperlage.it\/wp-content\/uploads\/2018\/07\/maison-petit-perlage-stanza-pinot-meunier-05.jpg\" data-rel=\"prettyPhoto[image_gallery_pretty_photo-792]\" title=\"maison-petit-perlage-stanza-pinot-meunier-05\">\n\t\t\t\t\t\t\t\t\t\t\t<img loading=\"lazy\" decoding=\"async\" src=\"https:\/\/www.maisonpetitperlage.it\/wp-content\/uploads\/2018\/07\/maison-petit-perlage-stanza-pinot-meunier-05-300x300.jpg\" alt=\"\" width=\"300\" height=\"300\" \/>\t\t\t\t\t\t<span class=\"aig-gallery-hover\">\n\t\t\t\t\t\t\t\t\t\t\t\t\t<\/span>\n\t\t\t\t\t\t\t\t\t\t\t<\/a>\n\t\t\t\t\t\t\t\t\t<\/div>\n\t\t\t<\/div>\n\t\t\t\t\t<div class=\"qode-aig-image qode-item-space\">\n\t\t\t\t<div class=\"qode-aig-image-inner\">\n\t\t\t\t\t\t\t\t\t\t\t<a itemprop=\"image\" class=\"qode-aig-lightbox\" href=\"https:\/\/www.maisonpetitperlage.it\/wp-content\/uploads\/2018\/07\/maison-petit-perlage-stanza-pinot-meunier-04.jpg\" data-rel=\"prettyPhoto[image_gallery_pretty_photo-792]\" title=\"maison-petit-perlage-stanza-pinot-meunier-04\">\n\t\t\t\t\t\t\t\t\t\t\t<img loading=\"lazy\" decoding=\"async\" src=\"https:\/\/www.maisonpetitperlage.it\/wp-content\/uploads\/2018\/07\/maison-petit-perlage-stanza-pinot-meunier-04-300x300.jpg\" alt=\"\" width=\"300\" height=\"300\" \/>\t\t\t\t\t\t<span class=\"aig-gallery-hover\">\n\t\t\t\t\t\t\t\t\t\t\t\t\t<\/span>\n\t\t\t\t\t\t\t\t\t\t\t<\/a>\n\t\t\t\t\t\t\t\t\t<\/div>\n\t\t\t<\/div>\n\t\t\t\t\t<div class=\"qode-aig-image qode-item-space\">\n\t\t\t\t<div class=\"qode-aig-image-inner\">\n\t\t\t\t\t\t\t\t\t\t\t<a itemprop=\"image\" class=\"qode-aig-lightbox\" href=\"https:\/\/www.maisonpetitperlage.it\/wp-content\/uploads\/2018\/07\/maison-petit-perlage-stanza-pinot-meunier-03.jpg\" data-rel=\"prettyPhoto[image_gallery_pretty_photo-792]\" title=\"maison-petit-perlage-stanza-pinot-meunier-03\">\n\t\t\t\t\t\t\t\t\t\t\t<img loading=\"lazy\" decoding=\"async\" src=\"https:\/\/www.maisonpetitperlage.it\/wp-content\/uploads\/2018\/07\/maison-petit-perlage-stanza-pinot-meunier-03-300x300.jpg\" alt=\"\" width=\"300\" height=\"300\" \/>\t\t\t\t\t\t<span class=\"aig-gallery-hover\">\n\t\t\t\t\t\t\t\t\t\t\t\t\t<\/span>\n\t\t\t\t\t\t\t\t\t\t\t<\/a>\n\t\t\t\t\t\t\t\t\t<\/div>\n\t\t\t<\/div>\n\t\t\t\t\t<div class=\"qode-aig-image qode-item-space\">\n\t\t\t\t<div class=\"qode-aig-image-inner\">\n\t\t\t\t\t\t\t\t\t\t\t<a itemprop=\"image\" class=\"qode-aig-lightbox\" href=\"https:\/\/www.maisonpetitperlage.it\/wp-content\/uploads\/2018\/07\/maison-petit-perlage-stanza-pinot-meunier-02.jpg\" data-rel=\"prettyPhoto[image_gallery_pretty_photo-792]\" title=\"maison-petit-perlage-stanza-pinot-meunier-02\">\n\t\t\t\t\t\t\t\t\t\t\t<img loading=\"lazy\" decoding=\"async\" src=\"https:\/\/www.maisonpetitperlage.it\/wp-content\/uploads\/2018\/07\/maison-petit-perlage-stanza-pinot-meunier-02-300x300.jpg\" alt=\"\" width=\"300\" height=\"300\" \/>\t\t\t\t\t\t<span class=\"aig-gallery-hover\">\n\t\t\t\t\t\t\t\t\t\t\t\t\t<\/span>\n\t\t\t\t\t\t\t\t\t\t\t<\/a>\n\t\t\t\t\t\t\t\t\t<\/div>\n\t\t\t<\/div>\n\t\t\t<\/div>\n<\/div>[\/vc_column][vc_column width=\u00bb1\/2&#8243;][vc_column_text el_class=\u00bbfont-special\u00bb]<\/p>\n<h2>Habitaci\u00f3n Pinot Meunier<\/h2>\n<p>[\/vc_column_text][vc_empty_space height=\u00bb50px\u00bb][vc_column_text el_class=\u00bbfont-special\u00bb]<\/p>\n<h3 style=\"font-size: 14px; line-height: 21px;\"><b>PAQUETE M\u00cdNIMO DOS NOCHES<\/b><\/h3>\n<p>[\/vc_column_text][vc_empty_space height=\u00bb10px\u00bb][vc_column_text el_class=\u00bbfont-special\u00bb]<\/p>\n<h3><b>Tarifa 200 \u20ac<\/b><\/h3>\n<p>[\/vc_column_text][vc_empty_space height=\u00bb20px\u00bb]<div class=\"qode-accordion-holder clearfix qode-accordion qode-initial \">\n\t<h3 class=\"clearfix qode-title-holder\">\n<span class=\"qode-tab-title\">\n\t    <span class=\"qode-tab-title-inner\">\n        Descripci\u00f3n    <\/span>\n<\/span>\n<span class=\"qode-accordion-mark\">\n    <span class=\"qode-accordion-mark-icon\">\n        <span class=\"icon_plus\"><\/span>\n        <span class=\"icon_minus-06\"><\/span>\n    <\/span>\n<\/span>\n<\/h3>\n<div class=\"qode-accordion-content \" >\n    <div class=\"qode-accordion-content-inner\">\n        [vc_column_text]Los tonos orientales de la sala dedicada a la uva m\u00e1s ecl\u00e9ctica del champ\u00e1n son el corolario correcto de un excitante sorbo de champ\u00e1n congelado. A final del d\u00eda disfrute del placer de una ducha de hammam emocional que caracteriza a esta c\u00f3moda habitaci\u00f3n. Techo con vigas de madera a la vista, est\u00e1 equipado con todas las comodidades con un mini bar provisto de champa\u00f1a, hielo y vasos adecuados. Aire acondicionado, smart tv, wi-fi y caja fuerte. Tambi\u00e9n hay un acogedor sol\u00e1rium con sof\u00e1s y sillones para disfrutar deun aperitivo con vistas a las colinas o relajarse bajo el sol.[\/vc_column_text]    <\/div>\n<\/div><h3 class=\"clearfix qode-title-holder\">\n<span class=\"qode-tab-title\">\n\t    <span class=\"qode-tab-title-inner\">\n        Oferta Prestige    <\/span>\n<\/span>\n<span class=\"qode-accordion-mark\">\n    <span class=\"qode-accordion-mark-icon\">\n        <span class=\"icon_plus\"><\/span>\n        <span class=\"icon_minus-06\"><\/span>\n    <\/span>\n<\/span>\n<\/h3>\n<div class=\"qode-accordion-content \" >\n    <div class=\"qode-accordion-content-inner\">\n        [vc_column_text]<\/p>\n<h4>Oferta Prestige a partir <b>de 350 \u20ac<\/b><\/h4>\n<p>&nbsp;<\/p>\n<p>Aperitivo con Champ\u00e1n a la llegada<br \/>\n(Ostras &#8211; Fresas &#8211; Trufa &#8211; Champi\u00f1ones seg\u00fan la estacionalidad, etc.)<\/p>\n<p>&nbsp;<\/p>\n<p>1 caja de Krumiri a la llegada en la habitaci\u00f3n<br \/>\n(<em>galletas t\u00edpicas, famosas en todo el mundo<\/em>)<\/p>\n<p>&nbsp;<\/p>\n<p>A la llegada 1 botilla de Champ\u00e1n en la habitaci\u00f3n<\/p>\n<p>&nbsp;<\/p>\n<p>1 cena en un restaurante t\u00edpico para degustar el men\u00fa (vinos no includos)<\/p>\n<p>&nbsp;<\/p>\n<p><strong>Desayuno Prestige incluido<\/strong><\/p>\n<p style=\"font-weight: 400;\">Los desayunos son servidos con Champagne y includo de: panqueques con salm\u00f3n, embutidos y queso con mostaza y mermelada, cebolla Tropea al horno, caviar, fruta de temporada, ensalada de espelta y verduras, mousse de at\u00fan con langostinos, tortas de ciruela, tortas, yogur, fruta seca, &#8230;<\/p>\n<p>&nbsp;<\/p>\n<p style=\"font-weight: 400;\">Todo seg\u00fan temporada y disponibilidad.<\/p>\n<p>[\/vc_column_text]    <\/div>\n<\/div><h3 class=\"clearfix qode-title-holder\">\n<span class=\"qode-tab-title\">\n\t    <span class=\"qode-tab-title-inner\">\n        Hammam    <\/span>\n<\/span>\n<span class=\"qode-accordion-mark\">\n    <span class=\"qode-accordion-mark-icon\">\n        <span class=\"icon_plus\"><\/span>\n        <span class=\"icon_minus-06\"><\/span>\n    <\/span>\n<\/span>\n<\/h3>\n<div class=\"qode-accordion-content \" >\n    <div class=\"qode-accordion-content-inner\">\n        [vc_column_text]<span class=\"gmail_default\">En el ba\u00f1o es posible hacer un agradable hammam con cromoterapia para una excelente relajaci\u00f3n y luego disfrutar de un t\u00e9 de hierbas dej\u00e1ndose llevar por el espl\u00e9ndido paisaje monta\u00f1oso.<\/span>[\/vc_column_text]    <\/div>\n<\/div><h3 class=\"clearfix qode-title-holder\">\n<span class=\"qode-tab-title\">\n\t    <span class=\"qode-tab-title-inner\">\n        Traslado    <\/span>\n<\/span>\n<span class=\"qode-accordion-mark\">\n    <span class=\"qode-accordion-mark-icon\">\n        <span class=\"icon_plus\"><\/span>\n        <span class=\"icon_minus-06\"><\/span>\n    <\/span>\n<\/span>\n<\/h3>\n<div class=\"qode-accordion-content \" >\n    <div class=\"qode-accordion-content-inner\">\n        [vc_column_text]<\/p>\n<h4>Traslado desde el aeropuerto de Tur\u00edn &#8211; Mil\u00e1n Linate &#8211; Mil\u00e1n Malpensa &#8211; B\u00e9rgamo con coche privado Jaguar m\u00e1ximo 4 personas.<\/h4>\n<p>&nbsp;<\/p>\n<p><strong>TORINO<\/strong><br \/>\nCTA cuenta con colaboradores de experiencia comprobada y lleva a cabo servicios exclusivos para viajes largos y cortos, garantizando la disponibilidad las 24 horas del d\u00eda con el objetivo de ofrecer a los clientes todas las respuestas para cada necesidad.<\/p>\n<p>&nbsp;<\/p>\n<p>El servicio se puede solicitar al momento de la salida o al llegar al mostrador de la terminal en la sala de arribos o a trav\u00e9s de las siguientes referencias:<\/p>\n<p>&nbsp;<\/p>\n<p><span style=\"color: #339966;\"><strong>N\u00famero gratuito<\/strong>: 848\/788711<\/span><br \/>\n<strong>Tel<\/strong>: +39 011.9963090<br \/>\n<strong>Fax<\/strong>: +39 011.9915743<br \/>\n<strong>E-mail<\/strong>:\u00a0<a href=\"mailto:preventivi@cta-to.com\">preventivi@cta-to.com<\/a><br \/>\n<strong>Internet<\/strong>: <a href=\"http:\/\/www.cta-to.com\/it\/home\/\">www.cta-to.com<\/a><\/p>\n<p>&nbsp;<\/p>\n<h4>MIL\u00c1N LINATE-MALPENSA \/ BERGAMO<br \/>\nCONFORT &#8211; FIABILIDAD \u2013 DISCRECI\u00d3N<\/h4>\n<p>&nbsp;<\/p>\n<p>Nuestro servicio de NCC Alquiler de coches con conductor en Mil\u00e1n, Taxi Privado Mil\u00e1n.<\/p>\n<p>&nbsp;<\/p>\n<p>Interesado en nuestros servicios N.C.C. Alquiler de coches con conductor? Si tiene alguna pregunta, no dude en enviarnos un mensaje o a trav\u00e9s de WhatsApp.<br \/>\n<strong><span style=\"color: #339966;\">Cell: +39\u00a03351093518<\/span><\/strong>.[\/vc_column_text]    <\/div>\n<\/div><\/div>[vc_row_inner row_type=\u00bbrow\u00bb type=\u00bbfull_width\u00bb text_align=\u00bbleft\u00bb css_animation=\u00bb\u00bb][vc_column_inner][vc_empty_space height=\u00bb40px\u00bb][vc_column_text el_class=\u00bbfont-special\u00bb]<\/p>\n<h3 style=\"font-size: 14px; line-height: 21px; text-transform: uppercase;\"><b>Reserva inmediatamente la tu habitaci\u00f3n<\/b><\/h3>\n<p>[\/vc_column_text][vc_empty_space height=\u00bb20px\u00bb][vc_column_text el_class=\u00bbdisplaynone\u00bb]<\/p>\n<p style=\"text-align: left;\"><a  itemprop=\"url\" href=\"\/es\/contactos\/\" target=\"_self\" data-hover-background-color=#ffea5a data-hover-border-color=#ffea5a data-hover-color=#fff class=\"qbutton  default\" style=\"color: #000; border-color: #ffde00; background-color: #ffde00;\">Hace clic aqu\u00ed para ver la disponibilidad<\/a><\/p>\n<p>[\/vc_column_text][\/vc_column_inner][\/vc_row_inner][vc_column_text]<\/p>\n<div id=\"booking-tool-container-allApartments\"><script type=\"text\/javascript\" src=\"https:\/\/login.smoobu.com\/js\/Settings\/BookingToolIframe.js\"><\/script><br \/>\n<script>BookingToolIframe.initialize({\"url\": \"https:\/\/login.smoobu.com\/it\/booking-tool\/iframe\/13042\", \"baseUrl\": \"https:\/\/login.smoobu.com\", \"target\": \"#booking-tool-container-allApartments\"})<\/script><\/div>\n<p>[\/vc_column_text][\/vc_column][\/vc_row][vc_row css_animation=\u00bb\u00bb row_type=\u00bbrow\u00bb use_row_as_full_screen_section=\u00bbno\u00bb type=\u00bbfull_width\u00bb angled_section=\u00bbno\u00bb text_align=\u00bbleft\u00bb background_image_as_pattern=\u00bbwithout_pattern\u00bb z_index=\u00bb\u00bb css=\u00bb.vc_custom_1531730772067{padding-right: 3% !important;padding-left: 3% !important;background-color: #000000 !important;}\u00bb][vc_column]<div class=\"call_to_action normal\" style=\"\"><div class=\"two_columns_75_25 clearfix\"><div class=\"text_wrapper column1\"><div class=\"call_to_action_text \" style=\"\">\u00bfNecesita <strong>M\u00c1S INFORMACI\u00d3N<\/strong>? Cont\u00e1ctenos, <strong>nuestro PERSONAL<\/strong> siempre est\u00e1 disponible para responder sus preguntas lo antes posible.<\/div><\/div><div class=\"button_wrapper column2\"><a itemprop=\"url\" href=\"\/es\/contactos\/\" class=\"qbutton white \" target=\"_self\" style=\"color: #000000;background-color: #ffde00;\"data-hover-background-color=#ffea5a data-hover-color=#000000>Solicitar mas informacion<\/a><\/div><\/div><\/div>[\/vc_column][\/vc_row]<\/p>\n","protected":false},"excerpt":{"rendered":"<p>[vc_row css_animation=\u00bb\u00bb row_type=\u00bbrow\u00bb use_row_as_full_screen_section=\u00bbno\u00bb type=\u00bbgrid\u00bb angled_section=\u00bbno\u00bb text_align=\u00bbleft\u00bb background_image_as_pattern=\u00bbwithout_pattern\u00bb css=\u00bb.vc_custom_1531730376763{padding-top: 5% !important;padding-bottom: 5% !important;}\u00bb z_index=\u00bb\u00bb][vc_column width=\u00bb1\/2&#8243;][vc_single_image image=\u00bb17125&#8243; img_size=\u00bbfull\u00bb alignment=\u00bbcenter\u00bb onclick=\u00bbzoom\u00bb qode_css_animation=\u00bb\u00bb][vc_empty_space height=\u00bb20px\u00bb][\/vc_column][vc_column width=\u00bb1\/2&#8243;][vc_column_text el_class=\u00bbfont-special\u00bb] Habitaci\u00f3n Pinot Meunier [\/vc_column_text][vc_empty_space height=\u00bb50px\u00bb][vc_column_text el_class=\u00bbfont-special\u00bb] PAQUETE M\u00cdNIMO DOS NOCHES [\/vc_column_text][vc_empty_space height=\u00bb10px\u00bb][vc_column_text el_class=\u00bbfont-special\u00bb] Tarifa 200 \u20ac [\/vc_column_text][vc_empty_space&#8230;<\/p>\n","protected":false},"author":2,"featured_media":0,"parent":16298,"menu_order":0,"comment_status":"closed","ping_status":"closed","template":"full_width.php","meta":{"footnotes":""},"class_list":["post-16300","page","type-page","status-publish","hentry"],"_links":{"self":[{"href":"https:\/\/www.maisonpetitperlage.it\/es\/wp-json\/wp\/v2\/pages\/16300","targetHints":{"allow":["GET"]}}],"collection":[{"href":"https:\/\/www.maisonpetitperlage.it\/es\/wp-json\/wp\/v2\/pages"}],"about":[{"href":"https:\/\/www.maisonpetitperlage.it\/es\/wp-json\/wp\/v2\/types\/page"}],"author":[{"embeddable":true,"href":"https:\/\/www.maisonpetitperlage.it\/es\/wp-json\/wp\/v2\/users\/2"}],"replies":[{"embeddable":true,"href":"https:\/\/www.maisonpetitperlage.it\/es\/wp-json\/wp\/v2\/comments?post=16300"}],"version-history":[{"count":6,"href":"https:\/\/www.maisonpetitperlage.it\/es\/wp-json\/wp\/v2\/pages\/16300\/revisions"}],"predecessor-version":[{"id":17294,"href":"https:\/\/www.maisonpetitperlage.it\/es\/wp-json\/wp\/v2\/pages\/16300\/revisions\/17294"}],"up":[{"embeddable":true,"href":"https:\/\/www.maisonpetitperlage.it\/es\/wp-json\/wp\/v2\/pages\/16298"}],"wp:attachment":[{"href":"https:\/\/www.maisonpetitperlage.it\/es\/wp-json\/wp\/v2\/media?parent=16300"}],"curies":[{"name":"wp","href":"https:\/\/api.w.org\/{rel}","templated":true}]}}