{"id":16298,"date":"2019-04-01T09:44:21","date_gmt":"2019-04-01T07:44:21","guid":{"rendered":"https:\/\/www.maisonpetitperlage.it\/?page_id=16298"},"modified":"2019-04-24T08:07:51","modified_gmt":"2019-04-24T06:07:51","slug":"habitaciones","status":"publish","type":"page","link":"https:\/\/www.maisonpetitperlage.it\/es\/habitaciones\/","title":{"rendered":"Habitaciones"},"content":{"rendered":"<p>[vc_row css_animation=\u00bb\u00bb row_type=\u00bbrow\u00bb use_row_as_full_screen_section=\u00bbno\u00bb type=\u00bbgrid\u00bb angled_section=\u00bbno\u00bb text_align=\u00bbcenter\u00bb background_image=\u00bb15702&#8243; background_image_as_pattern=\u00bbwithout_pattern\u00bb z_index=\u00bb\u00bb css=\u00bb.vc_custom_1535624045397{padding-top: 160px !important;}\u00bb][vc_column][qode_elements_holder number_of_columns=\u00bbone_column\u00bb][qode_elements_holder_item item_padding=\u00bb3% 0&#8243; advanced_animations=\u00bbno\u00bb item_padding_1280_1440=\u00bb20% 0&#8243; item_padding_1024_1280=\u00bb18% 0&#8243; item_padding_768_1024=\u00bb42% 0&#8243;][vc_single_image image=\u00bb15450&#8243; img_size=\u00bbfull\u00bb alignment=\u00bbcenter\u00bb qode_css_animation=\u00bb\u00bb][vc_empty_space height=\u00bb40px\u00bb][vc_column_text]<\/p>\n<h2 style=\"text-align: center;\"><span style=\"color: #ffffff;\">B&amp;B Petit Perlage<\/span><\/h2>\n<p>[\/vc_column_text][vc_empty_space height=\u00bb10px\u00bb][vc_column_text]<\/p>\n<h3 style=\"text-align: center;\"><span style=\"color: #ffffff;\">Paquete m\u00ednimo dos noches<\/span><\/h3>\n<p>[\/vc_column_text][vc_empty_space height=\u00bb10px\u00bb][\/qode_elements_holder_item][\/qode_elements_holder][vc_row_inner row_type=\u00bbrow\u00bb type=\u00bbfull_width\u00bb text_align=\u00bbleft\u00bb css_animation=\u00bb\u00bb][vc_column_inner width=\u00bb1\/2&#8243;][vc_column_text]<\/p>\n<p style=\"text-align: justify;\"><span style=\"color: #ffffff;\">Maison Petit Perlage se encuentra en Piedmont a dos pasos de Casale Monferrato, Vercelli y Alessandria. En poco menos de una hora se llegan Torino, Alba o Genova con su mar. En una hora se puede llegar a Mil\u00e1n.<\/span><\/p>\n<p style=\"text-align: justify;\"><span style=\"color: #ffffff;\">Somos entre las colinas del Monferrato tierra de buena cocina, excelentes vinos y vistas impresionantes. Castillos medievales, casas rurales y el Sacro Monte di Crea (Patrimonio Mundial de la UNESCO) son algunos de los muchos lugares de inter\u00e9s que la zona ofrece.<\/span><\/p>\n<p style=\"text-align: justify;\"><span style=\"color: #ffffff;\">Monferrato es un lugar encantado donde reina la naturaleza y la hospidalidad est\u00e1 en casa.<\/span><\/p>\n<p style=\"text-align: justify;\"><span style=\"color: #ffffff;\">Se ofrece a pie, en bici o a caballo, los innumerables itinerarios disponibles pasan por vi\u00f1edos, rios y lugares de inter\u00e9s hist\u00f3rico. Pueblos remotas donde las tracciones e historia locales se unen para crear un ambiente \u00fanico y evocador.<\/span><\/p>\n<p style=\"text-align: justify;\"><span style=\"color: #ffffff;\">Maison Petit Perlage se encuentra en Serralunga de Crea en Localit\u00e0 Gavanni 2, a pocos minudos a pie dal evocador Sacro Monte di Crea.<\/span><\/p>\n<p>[\/vc_column_text][\/vc_column_inner][vc_column_inner width=\u00bb1\/2&#8243;][vc_column_text]<\/p>\n<p style=\"text-align: justify;\"><span style=\"color: #ffffff;\">En terrenos de propiedad de 10 mil metros cuadrados, rodeado de un paisaje verde, se origina en el deseo de ofrecer el m\u00e1ximo confort en el coraz\u00f3n de Monferrato.<\/span><\/p>\n<p style=\"text-align: justify;\"><span style=\"color: #ffffff;\">Accesible en helic\u00f3ptero gracias a la pista de aterrizaje privada dentro de la propiedad o desde los aeropuertos m\u00e1s importantes o las estaciones de tren con servicio de limusina Maison Petit Perlage, esta posada con encanto ofrece tres habitaciones tem\u00e1ticas confortables decoradas por el dise\u00f1ador de interiores, ilustrador Tiziano Boglio.<\/span><\/p>\n<p style=\"text-align: justify;\"><span style=\"color: #ffffff;\">As\u00ed es posible vivir momentos de relajaci\u00f3n absoluta en el m\u00e1ximo comfort entre panorama sugerente y espumoso champ\u00e1n servidos gracias a la champagnerie bien surtida de Maison Petit Perlage. \u00a1M\u00e1s de 40 etiquetas de champ\u00e1n seleccionadoa diposici\u00f3n!<\/span><\/p>\n<p style=\"text-align: justify;\"><span style=\"color: #ffffff;\">As\u00ed nacen las tres encantadoras habitaciones tem\u00e1ticas:<\/span><\/p>\n<p>[\/vc_column_text][\/vc_column_inner][\/vc_row_inner][vc_empty_space height=\u00bb100px\u00bb][\/vc_column][\/vc_row][vc_row css_animation=\u00bb\u00bb row_type=\u00bbrow\u00bb use_row_as_full_screen_section=\u00bbno\u00bb type=\u00bbfull_width\u00bb angled_section=\u00bbno\u00bb text_align=\u00bbleft\u00bb background_image_as_pattern=\u00bbwithout_pattern\u00bb z_index=\u00bb\u00bb css=\u00bb.vc_custom_1544175851931{padding-top: 80px !important;padding-bottom: 80px !important;}\u00bb][vc_column][vc_row_inner row_type=\u00bbrow\u00bb type=\u00bbfull_width\u00bb text_align=\u00bbleft\u00bb css_animation=\u00bb\u00bb css=\u00bb.vc_custom_1532345131253{padding-right: 10% !important;padding-left: 10% !important;}\u00bb][vc_column_inner el_class=\u00bbbox-height\u00bb width=\u00bb1\/3&#8243;][vc_single_image image=\u00bb16402&#8243; img_size=\u00bbfull\u00bb alignment=\u00bbcenter\u00bb qode_css_animation=\u00bb\u00bb][vc_column_text]<\/p>\n<h2 style=\"text-align: left;\">Habitaci\u00f3n<\/h2>\n<h2 style=\"text-align: left;\">Pinot Noir<\/h2>\n<p>[\/vc_column_text]<div class=\"custom_font_holder\" style=\"font-family: Allura; font-size: 31px; line-height: 35px; font-style: normal; font-weight: 400; color: #1f1a15; text-decoration: underline; letter-spacing: 0px; text-align: left;\">\n<p style=\"text-align: left;\"><a href=\"\/es\/habitacion-pinot-noir\/\">M\u00e1s detalles<\/a><\/p>\n<\/div>[\/vc_column_inner][vc_column_inner el_class=\u00bbbox-height\u00bb width=\u00bb1\/3&#8243;][vc_single_image image=\u00bb16396&#8243; img_size=\u00bbfull\u00bb alignment=\u00bbcenter\u00bb qode_css_animation=\u00bb\u00bb][vc_column_text]<\/p>\n<h2 style=\"text-align: left;\">Habitaci\u00f3n<\/h2>\n<h2 style=\"text-align: left;\">Pinot Munier<\/h2>\n<p>[\/vc_column_text]<div class=\"custom_font_holder\" style=\"font-family: Allura; font-size: 31px; line-height: 35px; font-style: normal; font-weight: 400; color: #1f1a15; text-decoration: underline; letter-spacing: 0px; text-align: left;\">\n<p style=\"text-align: left;\"><a href=\"\/es\/habitacion-pinot-meunier\/\">M\u00e1s detalles<\/a><\/p>\n<\/div>[\/vc_column_inner][vc_column_inner el_class=\u00bbbox-height\u00bb width=\u00bb1\/3&#8243;][vc_single_image image=\u00bb16387&#8243; img_size=\u00bbfull\u00bb alignment=\u00bbcenter\u00bb qode_css_animation=\u00bb\u00bb][vc_column_text]<\/p>\n<h2 style=\"text-align: left;\">Habitaci\u00f3n<\/h2>\n<h2 style=\"text-align: left;\">Chardonnay<\/h2>\n<p>[\/vc_column_text]<div class=\"custom_font_holder\" style=\"font-family: Allura; font-size: 31px; line-height: 35px; font-style: normal; font-weight: 400; color: #1f1a15; text-decoration: underline; letter-spacing: 0px; text-align: left;\">\n<p style=\"text-align: left;\"><a href=\"\/es\/habitacion-chardonnay\/\">M\u00e1s detalles<\/a><\/p>\n<\/div>[\/vc_column_inner][\/vc_row_inner][\/vc_column][\/vc_row]<\/p>\n","protected":false},"excerpt":{"rendered":"<p>[vc_row css_animation=\u00bb\u00bb row_type=\u00bbrow\u00bb use_row_as_full_screen_section=\u00bbno\u00bb type=\u00bbgrid\u00bb angled_section=\u00bbno\u00bb text_align=\u00bbcenter\u00bb background_image=\u00bb15702&#8243; background_image_as_pattern=\u00bbwithout_pattern\u00bb z_index=\u00bb\u00bb css=\u00bb.vc_custom_1535624045397{padding-top: 160px !important;}\u00bb][vc_column][qode_elements_holder number_of_columns=\u00bbone_column\u00bb][qode_elements_holder_item item_padding=\u00bb3% 0&#8243; advanced_animations=\u00bbno\u00bb item_padding_1280_1440=\u00bb20% 0&#8243; item_padding_1024_1280=\u00bb18% 0&#8243; item_padding_768_1024=\u00bb42% 0&#8243;][vc_single_image image=\u00bb15450&#8243; img_size=\u00bbfull\u00bb alignment=\u00bbcenter\u00bb qode_css_animation=\u00bb\u00bb][vc_empty_space height=\u00bb40px\u00bb][vc_column_text] B&amp;B Petit Perlage [\/vc_column_text][vc_empty_space height=\u00bb10px\u00bb][vc_column_text] Paquete m\u00ednimo dos noches [\/vc_column_text][vc_empty_space height=\u00bb10px\u00bb][\/qode_elements_holder_item][\/qode_elements_holder][vc_row_inner row_type=\u00bbrow\u00bb&#8230;<\/p>\n","protected":false},"author":2,"featured_media":0,"parent":0,"menu_order":0,"comment_status":"closed","ping_status":"closed","template":"full_width.php","meta":{"footnotes":""},"class_list":["post-16298","page","type-page","status-publish","hentry"],"_links":{"self":[{"href":"https:\/\/www.maisonpetitperlage.it\/es\/wp-json\/wp\/v2\/pages\/16298","targetHints":{"allow":["GET"]}}],"collection":[{"href":"https:\/\/www.maisonpetitperlage.it\/es\/wp-json\/wp\/v2\/pages"}],"about":[{"href":"https:\/\/www.maisonpetitperlage.it\/es\/wp-json\/wp\/v2\/types\/page"}],"author":[{"embeddable":true,"href":"https:\/\/www.maisonpetitperlage.it\/es\/wp-json\/wp\/v2\/users\/2"}],"replies":[{"embeddable":true,"href":"https:\/\/www.maisonpetitperlage.it\/es\/wp-json\/wp\/v2\/comments?post=16298"}],"version-history":[{"count":5,"href":"https:\/\/www.maisonpetitperlage.it\/es\/wp-json\/wp\/v2\/pages\/16298\/revisions"}],"predecessor-version":[{"id":16647,"href":"https:\/\/www.maisonpetitperlage.it\/es\/wp-json\/wp\/v2\/pages\/16298\/revisions\/16647"}],"wp:attachment":[{"href":"https:\/\/www.maisonpetitperlage.it\/es\/wp-json\/wp\/v2\/media?parent=16298"}],"curies":[{"name":"wp","href":"https:\/\/api.w.org\/{rel}","templated":true}]}}