{"id":16474,"date":"2019-04-08T10:35:47","date_gmt":"2019-04-08T08:35:47","guid":{"rendered":"https:\/\/www.maisonpetitperlage.it\/?page_id=16474"},"modified":"2019-04-08T12:09:06","modified_gmt":"2019-04-08T10:09:06","slug":"champagner-schule","status":"publish","type":"page","link":"https:\/\/www.maisonpetitperlage.it\/de\/champagner-schule\/","title":{"rendered":"Champagner Schule"},"content":{"rendered":"<p>[vc_row css_animation=&#8220;&#8220; row_type=&#8220;row&#8220; use_row_as_full_screen_section=&#8220;no&#8220; type=&#8220;grid&#8220; angled_section=&#8220;no&#8220; text_align=&#8220;left&#8220; background_image_as_pattern=&#8220;without_pattern&#8220; css=&#8220;.vc_custom_1531207948268{padding-top: 5% !important;padding-bottom: 5% !important;}&#8220; z_index=&#8220;&#8220;][vc_column][vc_column_text]<\/p>\n<h2>Ein ganzheitlicher Kurs, mit dem Sie die aufregende Welt des Champagners entdecken k\u00f6nnen.<\/h2>\n<p>[\/vc_column_text][vc_empty_space height=&#8220;20px&#8220;][vc_column_text]Indem reisen zwischen Terroir und champenois, Zonen und Unterbelichte, cru und Lieudit , auf der Suche nach dem kleinen petit Perlage, die einen gro\u00dfartigen Champagner ausmachen!<\/p>\n<p>Zwei Tage Training und Information, die Sie in einer Atmosph\u00e4re offener und friendlicher Konfrontation erleben k\u00f6nnen, denn Spa\u00df und Lernen lassen sich glut mit den exklusiven Schulschaltern von Petit Perlage kombinieren.[\/vc_column_text][vc_empty_space height=&#8220;20px&#8220;][vc_column_text]<\/p>\n<p style=\"text-align: center;\"><a  itemprop=\"url\" href=\"#buchen\" target=\"_self\" data-hover-background-color=#626262 data-hover-border-color=#626262 data-hover-color=#fff class=\"qbutton  default\" style=\"color: #ffffff; border-color: #2F2F2F; background-color: #2F2F2F;\">Buchen<\/a><\/p>\n<p>[\/vc_column_text][vc_empty_space height=&#8220;20px&#8220;][\/vc_column][\/vc_row][vc_row css_animation=&#8220;&#8220; row_type=&#8220;row&#8220; use_row_as_full_screen_section=&#8220;no&#8220; type=&#8220;full_width&#8220; angled_section=&#8220;no&#8220; text_align=&#8220;left&#8220; background_image_as_pattern=&#8220;without_pattern&#8220; css=&#8220;.vc_custom_1531210269271{margin-right: 0px !important;margin-left: 0px !important;padding-top: 3% !important;padding-right: 0px !important;padding-bottom: 3% !important;padding-left: 0px !important;background-color: #efefef !important;}&#8220; z_index=&#8220;&#8220;][vc_column width=&#8220;1\/2&#8243; css=&#8220;.vc_custom_1531210279330{margin-right: 0px !important;margin-left: 0px !important;padding-right: 0px !important;padding-left: 0px !important;}&#8220;][vc_single_image image=&#8220;16523&#8243; img_size=&#8220;900&#215;600&#8243; alignment=&#8220;center&#8220; qode_css_animation=&#8220;&#8220;][\/vc_column][vc_column width=&#8220;1\/2&#8243; el_class=&#8220;table-school&#8220;][vc_column_text]<\/p>\n<h2 style=\"text-align: center;\">Programm<\/h2>\n<p>[\/vc_column_text][vc_empty_space height=&#8220;20px&#8220;]<div class='service_table_holder'><ul class='service_table_inner'><li class='service_table_title_holder background_color_type' style='background-color: #efefef;'><div class='service_table_title_inner'><div class='service_table_title_inner2'><\/div><\/div><\/li><li class='service_table_content' style='background-color: #efefef;'><\/p>\n<ul>\n<li><strong>Samstagnachmittag<\/strong>: Beginn des Champagnerkurses<\/li>\n<li>Samstagabendessen<\/li>\n<li>\u00dcbernachtung in der Anlage<\/li>\n<li><strong>Sonntag morgen<\/strong>: Zweiter Teil des Kurses<\/li>\n<li>Sonntagsbrunch Champagner<\/li>\n<\/ul>\n<p><\/li><\/ul><\/div>[vc_empty_space height=&#8220;80px&#8220;][vc_column_text]<\/p>\n<p style=\"text-align: center; font-size: 36px; line-height: 42px;\"><span style=\"color: #000000;\">PREIS: <strong>\u20ac150<\/strong> <em>pro person<\/em><\/span><\/p>\n<p>[\/vc_column_text][\/vc_column][\/vc_row][vc_row css_animation=&#8220;&#8220; row_type=&#8220;row&#8220; use_row_as_full_screen_section=&#8220;no&#8220; type=&#8220;grid&#8220; anchor=&#8220;buchen&#8220; angled_section=&#8220;no&#8220; text_align=&#8220;left&#8220; background_image_as_pattern=&#8220;without_pattern&#8220; css=&#8220;.vc_custom_1554717830391{padding-top: 3% !important;padding-bottom: 3% !important;}&#8220; z_index=&#8220;&#8220;][vc_column][vc_column_text]<\/p>\n<h3 style=\"text-align: center;\">Buchen Sie Ihre Champagner-Schule<\/h3>\n<p>[\/vc_column_text][vc_column_text]<\/p>\n<p style=\"text-align: center;\">F\u00fcllen Sie bitte alle Pflichtfelder des untenstehenden Formulars aus. Sie erhalten eine e-mail, die Ihre Buchung je nach Verf\u00fcgbarkeit best\u00e4tigt.<\/p>\n<p>[\/vc_column_text][vc_empty_space height=&#8220;40px&#8220;]\n<div class=\"wpcf7 no-js\" id=\"wpcf7-f16461-o1\" lang=\"it-IT\" dir=\"ltr\" data-wpcf7-id=\"16461\">\n<div class=\"screen-reader-response\"><p role=\"status\" aria-live=\"polite\" aria-atomic=\"true\"><\/p> <ul><\/ul><\/div>\n<form action=\"\/de\/wp-json\/wp\/v2\/pages\/16474#wpcf7-f16461-o1\" method=\"post\" class=\"wpcf7-form init cf7_custom_style_1 wpcf7-acceptance-as-validation\" aria-label=\"Modulo di contatto\" novalidate=\"novalidate\" data-status=\"init\">\n<fieldset class=\"hidden-fields-container\"><input type=\"hidden\" name=\"_wpcf7\" value=\"16461\" \/><input type=\"hidden\" name=\"_wpcf7_version\" value=\"6.1.5\" \/><input type=\"hidden\" name=\"_wpcf7_locale\" value=\"it_IT\" \/><input type=\"hidden\" name=\"_wpcf7_unit_tag\" value=\"wpcf7-f16461-o1\" \/><input type=\"hidden\" name=\"_wpcf7_container_post\" value=\"0\" \/><input type=\"hidden\" name=\"_wpcf7_posted_data_hash\" value=\"\" \/><input type=\"hidden\" name=\"_wpcf7_recaptcha_response\" value=\"\" \/>\n<\/fieldset>\n<div class=\"vc_row\">\n\t<div class=\"wpb_column vc_column_container vc_col-sm-6\">\n\t\t<div class=\"vc_column-inner \">\n\t\t\t<p><label> Name (erforderlich)<br \/>\n<span class=\"wpcf7-form-control-wrap\" data-name=\"nome\"><input size=\"40\" maxlength=\"400\" class=\"wpcf7-form-control wpcf7-text wpcf7-validates-as-required\" aria-required=\"true\" aria-invalid=\"false\" value=\"\" type=\"text\" name=\"nome\" \/><\/span> <\/label>\n\t\t\t<\/p>\n\t\t<\/div>\n\t<\/div>\n\t<div class=\"wpb_column vc_column_container vc_col-sm-6\">\n\t\t<div class=\"vc_column-inner \">\n\t\t\t<p><label> Nachname (erforderlich)<br \/>\n<span class=\"wpcf7-form-control-wrap\" data-name=\"cognome\"><input size=\"40\" maxlength=\"400\" class=\"wpcf7-form-control wpcf7-text wpcf7-validates-as-required\" aria-required=\"true\" aria-invalid=\"false\" value=\"\" type=\"text\" name=\"cognome\" \/><\/span> <\/label>\n\t\t\t<\/p>\n\t\t<\/div>\n\t<\/div>\n<\/div>\n<div class=\"vc_row\">\n\t<div class=\"wpb_column vc_column_container vc_col-sm-6\">\n\t\t<div class=\"vc_column-inner \">\n\t\t\t<p><label> E-Mail-Adresse (erforderlich)<br \/>\n<span class=\"wpcf7-form-control-wrap\" data-name=\"indirizzo-email\"><input size=\"40\" maxlength=\"400\" class=\"wpcf7-form-control wpcf7-email wpcf7-validates-as-required wpcf7-text wpcf7-validates-as-email\" aria-required=\"true\" aria-invalid=\"false\" value=\"\" type=\"email\" name=\"indirizzo-email\" \/><\/span> <\/label>\n\t\t\t<\/p>\n\t\t<\/div>\n\t<\/div>\n\t<div class=\"wpb_column vc_column_container vc_col-sm-6\">\n\t\t<div class=\"vc_column-inner \">\n\t\t\t<p><label> Telefonnummer (optional)<br \/>\n<span class=\"wpcf7-form-control-wrap\" data-name=\"tel-727\"><input size=\"40\" maxlength=\"400\" class=\"wpcf7-form-control wpcf7-tel wpcf7-text wpcf7-validates-as-tel\" aria-invalid=\"false\" value=\"\" type=\"tel\" name=\"tel-727\" \/><\/span> <\/label>\n\t\t\t<\/p>\n\t\t<\/div>\n\t<\/div>\n<\/div>\n<div class=\"vc_row\">\n\t<div class=\"wpb_column vc_column_container vc_col-sm-6\">\n\t\t<div class=\"vc_column-inner \">\n\t\t\t<p><label> Anzahl der Teilnehmer (erforderlich)<br \/>\n<span class=\"wpcf7-form-control-wrap\" data-name=\"menu-376\"><select class=\"wpcf7-form-control wpcf7-select wpcf7-validates-as-required\" aria-required=\"true\" aria-invalid=\"false\" name=\"menu-376\"><option value=\"\">&#8212;Seleziona un&#039;opzione&#8212;<\/option><option value=\"1\">1<\/option><option value=\"2\">2<\/option><option value=\"3\">3<\/option><option value=\"4\">4<\/option><\/select><\/span> <\/label>\n\t\t\t<\/p>\n\t\t<\/div>\n\t<\/div>\n\t<div class=\"wpb_column vc_column_container vc_col-sm-6\">\n\t\t<div class=\"vc_column-inner \">\n\t\t\t<p><label> Datum der Ankunft (angefragt)<br \/>\n<span class=\"wpcf7-form-control-wrap\" data-name=\"date-115\"><input class=\"wpcf7-form-control wpcf7-date wpcf7-validates-as-required wpcf7-validates-as-date\" aria-required=\"true\" aria-invalid=\"false\" value=\"\" type=\"date\" name=\"date-115\" \/><\/span> <\/label>\n\t\t\t<\/p>\n\t\t<\/div>\n\t<\/div>\n<\/div>\n<div class=\"vc_row\">\n\t<div class=\"wpb_column vc_column_container vc_col-sm-12\">\n\t\t<div class=\"vc_column-inner \">\n\t\t\t<p><label> Nachricht (optional)<br \/>\n<span class=\"wpcf7-form-control-wrap\" data-name=\"messaggio\"><textarea cols=\"40\" rows=\"10\" maxlength=\"2000\" class=\"wpcf7-form-control wpcf7-textarea\" aria-invalid=\"false\" name=\"messaggio\"><\/textarea><\/span> <\/label>\n\t\t\t<\/p>\n\t\t<\/div>\n\t<\/div>\n<\/div>\n<div class=\"vc_row\">\n\t<div class=\"wpb_column vc_column_container vc_col-sm-12\">\n\t\t<div class=\"vc_column-inner \">\n\t\t\t<div class=\"pr-vision\">\n\t\t\t\t<p><a target=\"_blank\" href=\"\/de\/privatleben\" title=\"Datenschutzgesetz\">\u00dcberpr\u00fcfen Sie das Datenschutzgesetz &raquo;<\/a>\n\t\t\t\t<\/p>\n\t\t\t\t<p class=\"check\"><span class=\"wpcf7-form-control-wrap\" data-name=\"accept-this-1\"><span class=\"wpcf7-form-control wpcf7-acceptance\"><span class=\"wpcf7-list-item\"><input type=\"checkbox\" name=\"accept-this-1\" value=\"1\" aria-invalid=\"false\" \/><\/span><\/span><\/span> Ich akzeptiere die Verarbeitung meiner pers\u00f6nlichen Daten (angefordert)\n\t\t\t\t<\/p>\n\t\t\t<\/div>\n\t\t<\/div>\n\t<\/div>\n<\/div>\n<div class=\"vc_row\">\n\t<div class=\"wpb_column vc_column_container vc_col-sm-12\">\n\t\t<div class=\"vc_column-inner \">\n\t\t\t<p class=\"p-butt hidden-xs\"><input class=\"wpcf7-form-control wpcf7-submit has-spinner\" type=\"submit\" value=\"Buch Schule des Champagners\" \/>\n\t\t\t<\/p>\n\t\t\t<p class=\"p-butt visible-xs\"><input class=\"wpcf7-form-control wpcf7-submit has-spinner\" type=\"submit\" value=\"Buch\" \/>\n\t\t\t<\/p>\n\t\t<\/div>\n\t<\/div>\n<\/div><div class=\"wpcf7-response-output\" aria-hidden=\"true\"><\/div>\n<\/form>\n<\/div>\n[\/vc_column][\/vc_row]<\/p>\n","protected":false},"excerpt":{"rendered":"<p>[vc_row css_animation=&#8220;&#8220; row_type=&#8220;row&#8220; use_row_as_full_screen_section=&#8220;no&#8220; type=&#8220;grid&#8220; angled_section=&#8220;no&#8220; text_align=&#8220;left&#8220; background_image_as_pattern=&#8220;without_pattern&#8220; css=&#8220;.vc_custom_1531207948268{padding-top: 5% !important;padding-bottom: 5% !important;}&#8220; z_index=&#8220;&#8220;][vc_column][vc_column_text] Ein ganzheitlicher Kurs, mit dem Sie die aufregende Welt des Champagners entdecken k\u00f6nnen. [\/vc_column_text][vc_empty_space height=&#8220;20px&#8220;][vc_column_text]Indem reisen zwischen Terroir und champenois, Zonen und Unterbelichte, cru und Lieudit&#8230;<\/p>\n","protected":false},"author":2,"featured_media":0,"parent":0,"menu_order":0,"comment_status":"closed","ping_status":"closed","template":"full_width.php","meta":{"footnotes":""},"class_list":["post-16474","page","type-page","status-publish","hentry"],"_links":{"self":[{"href":"https:\/\/www.maisonpetitperlage.it\/de\/wp-json\/wp\/v2\/pages\/16474","targetHints":{"allow":["GET"]}}],"collection":[{"href":"https:\/\/www.maisonpetitperlage.it\/de\/wp-json\/wp\/v2\/pages"}],"about":[{"href":"https:\/\/www.maisonpetitperlage.it\/de\/wp-json\/wp\/v2\/types\/page"}],"author":[{"embeddable":true,"href":"https:\/\/www.maisonpetitperlage.it\/de\/wp-json\/wp\/v2\/users\/2"}],"replies":[{"embeddable":true,"href":"https:\/\/www.maisonpetitperlage.it\/de\/wp-json\/wp\/v2\/comments?post=16474"}],"version-history":[{"count":6,"href":"https:\/\/www.maisonpetitperlage.it\/de\/wp-json\/wp\/v2\/pages\/16474\/revisions"}],"predecessor-version":[{"id":16610,"href":"https:\/\/www.maisonpetitperlage.it\/de\/wp-json\/wp\/v2\/pages\/16474\/revisions\/16610"}],"wp:attachment":[{"href":"https:\/\/www.maisonpetitperlage.it\/de\/wp-json\/wp\/v2\/media?parent=16474"}],"curies":[{"name":"wp","href":"https:\/\/api.w.org\/{rel}","templated":true}]}}