{"id":16463,"date":"2019-04-08T10:39:40","date_gmt":"2019-04-08T08:39:40","guid":{"rendered":"https:\/\/www.maisonpetitperlage.it\/?page_id=16463"},"modified":"2021-06-09T17:01:25","modified_gmt":"2021-06-09T15:01:25","slug":"chardonnay-zimmer","status":"publish","type":"page","link":"https:\/\/www.maisonpetitperlage.it\/de\/zimmer\/chardonnay-zimmer\/","title":{"rendered":"Chardonnay-Zimmer"},"content":{"rendered":"<p>[vc_row css_animation=&#8220;&#8220; row_type=&#8220;row&#8220; use_row_as_full_screen_section=&#8220;no&#8220; type=&#8220;grid&#8220; angled_section=&#8220;no&#8220; text_align=&#8220;left&#8220; background_image_as_pattern=&#8220;without_pattern&#8220; css=&#8220;.vc_custom_1533115506458{padding-top: 5% !important;padding-bottom: 5% !important;}&#8220; z_index=&#8220;&#8220;][vc_column width=&#8220;1\/2&#8243;][vc_single_image image=&#8220;16477&#8243; img_size=&#8220;full&#8220; alignment=&#8220;center&#8220; onclick=&#8220;zoom&#8220; qode_css_animation=&#8220;&#8220;][vc_empty_space height=&#8220;20px&#8220;]<div class=\"qode-advanced-image-gallery  qode-aig-grid-type qode-tiny-space  qode-image-behavior-lightbox \">\n\t<div class=\"qode-aig-inner qode-outer-space qode-aig-grid qode-aig-three-columns\">\n\t\t\t\t\t<div class=\"qode-aig-image qode-item-space\">\n\t\t\t\t<div class=\"qode-aig-image-inner\">\n\t\t\t\t\t\t\t\t\t\t\t<a itemprop=\"image\" class=\"qode-aig-lightbox\" href=\"https:\/\/www.maisonpetitperlage.it\/wp-content\/uploads\/2018\/07\/maison-petit-perlage-stanza-chardonnay-02.jpg\" data-rel=\"prettyPhoto[image_gallery_pretty_photo-617]\" title=\"maison-petit-perlage-stanza-chardonnay-02\">\n\t\t\t\t\t\t\t\t\t\t\t<img loading=\"lazy\" decoding=\"async\" src=\"https:\/\/www.maisonpetitperlage.it\/wp-content\/uploads\/2018\/07\/maison-petit-perlage-stanza-chardonnay-02-300x300.jpg\" alt=\"\" width=\"300\" height=\"300\" \/>\t\t\t\t\t\t<span class=\"aig-gallery-hover\">\n\t\t\t\t\t\t\t\t\t\t\t\t\t<\/span>\n\t\t\t\t\t\t\t\t\t\t\t<\/a>\n\t\t\t\t\t\t\t\t\t<\/div>\n\t\t\t<\/div>\n\t\t\t\t\t<div class=\"qode-aig-image qode-item-space\">\n\t\t\t\t<div class=\"qode-aig-image-inner\">\n\t\t\t\t\t\t\t\t\t\t\t<a itemprop=\"image\" class=\"qode-aig-lightbox\" href=\"https:\/\/www.maisonpetitperlage.it\/wp-content\/uploads\/2018\/07\/maison-petit-perlage-stanza-chardonnay-08.jpg\" data-rel=\"prettyPhoto[image_gallery_pretty_photo-617]\" title=\"maison-petit-perlage-stanza-chardonnay-08\">\n\t\t\t\t\t\t\t\t\t\t\t<img loading=\"lazy\" decoding=\"async\" src=\"https:\/\/www.maisonpetitperlage.it\/wp-content\/uploads\/2018\/07\/maison-petit-perlage-stanza-chardonnay-08-300x300.jpg\" alt=\"\" width=\"300\" height=\"300\" \/>\t\t\t\t\t\t<span class=\"aig-gallery-hover\">\n\t\t\t\t\t\t\t\t\t\t\t\t\t<\/span>\n\t\t\t\t\t\t\t\t\t\t\t<\/a>\n\t\t\t\t\t\t\t\t\t<\/div>\n\t\t\t<\/div>\n\t\t\t\t\t<div class=\"qode-aig-image qode-item-space\">\n\t\t\t\t<div class=\"qode-aig-image-inner\">\n\t\t\t\t\t\t\t\t\t\t\t<a itemprop=\"image\" class=\"qode-aig-lightbox\" href=\"https:\/\/www.maisonpetitperlage.it\/wp-content\/uploads\/2018\/07\/maison-petit-perlage-stanza-chardonnay-07.jpg\" data-rel=\"prettyPhoto[image_gallery_pretty_photo-617]\" title=\"maison-petit-perlage-stanza-chardonnay-07\">\n\t\t\t\t\t\t\t\t\t\t\t<img loading=\"lazy\" decoding=\"async\" src=\"https:\/\/www.maisonpetitperlage.it\/wp-content\/uploads\/2018\/07\/maison-petit-perlage-stanza-chardonnay-07-300x300.jpg\" alt=\"\" width=\"300\" height=\"300\" \/>\t\t\t\t\t\t<span class=\"aig-gallery-hover\">\n\t\t\t\t\t\t\t\t\t\t\t\t\t<\/span>\n\t\t\t\t\t\t\t\t\t\t\t<\/a>\n\t\t\t\t\t\t\t\t\t<\/div>\n\t\t\t<\/div>\n\t\t\t\t\t<div class=\"qode-aig-image qode-item-space\">\n\t\t\t\t<div class=\"qode-aig-image-inner\">\n\t\t\t\t\t\t\t\t\t\t\t<a itemprop=\"image\" class=\"qode-aig-lightbox\" href=\"https:\/\/www.maisonpetitperlage.it\/wp-content\/uploads\/2018\/07\/maison-petit-perlage-stanza-chardonnay-06.jpg\" data-rel=\"prettyPhoto[image_gallery_pretty_photo-617]\" title=\"maison-petit-perlage-stanza-chardonnay-06\">\n\t\t\t\t\t\t\t\t\t\t\t<img loading=\"lazy\" decoding=\"async\" src=\"https:\/\/www.maisonpetitperlage.it\/wp-content\/uploads\/2018\/07\/maison-petit-perlage-stanza-chardonnay-06-300x300.jpg\" alt=\"\" width=\"300\" height=\"300\" \/>\t\t\t\t\t\t<span class=\"aig-gallery-hover\">\n\t\t\t\t\t\t\t\t\t\t\t\t\t<\/span>\n\t\t\t\t\t\t\t\t\t\t\t<\/a>\n\t\t\t\t\t\t\t\t\t<\/div>\n\t\t\t<\/div>\n\t\t\t\t\t<div class=\"qode-aig-image qode-item-space\">\n\t\t\t\t<div class=\"qode-aig-image-inner\">\n\t\t\t\t\t\t\t\t\t\t\t<a itemprop=\"image\" class=\"qode-aig-lightbox\" href=\"https:\/\/www.maisonpetitperlage.it\/wp-content\/uploads\/2018\/07\/maison-petit-perlage-stanza-chardonnay-05.jpg\" data-rel=\"prettyPhoto[image_gallery_pretty_photo-617]\" title=\"maison-petit-perlage-stanza-chardonnay-05\">\n\t\t\t\t\t\t\t\t\t\t\t<img loading=\"lazy\" decoding=\"async\" src=\"https:\/\/www.maisonpetitperlage.it\/wp-content\/uploads\/2018\/07\/maison-petit-perlage-stanza-chardonnay-05-300x300.jpg\" alt=\"\" width=\"300\" height=\"300\" \/>\t\t\t\t\t\t<span class=\"aig-gallery-hover\">\n\t\t\t\t\t\t\t\t\t\t\t\t\t<\/span>\n\t\t\t\t\t\t\t\t\t\t\t<\/a>\n\t\t\t\t\t\t\t\t\t<\/div>\n\t\t\t<\/div>\n\t\t\t\t\t<div class=\"qode-aig-image qode-item-space\">\n\t\t\t\t<div class=\"qode-aig-image-inner\">\n\t\t\t\t\t\t\t\t\t\t\t<a itemprop=\"image\" class=\"qode-aig-lightbox\" href=\"https:\/\/www.maisonpetitperlage.it\/wp-content\/uploads\/2018\/07\/maison-petit-perlage-stanza-chardonnay-04.jpg\" data-rel=\"prettyPhoto[image_gallery_pretty_photo-617]\" title=\"maison-petit-perlage-stanza-chardonnay-04\">\n\t\t\t\t\t\t\t\t\t\t\t<img loading=\"lazy\" decoding=\"async\" src=\"https:\/\/www.maisonpetitperlage.it\/wp-content\/uploads\/2018\/07\/maison-petit-perlage-stanza-chardonnay-04-300x300.jpg\" alt=\"\" width=\"300\" height=\"300\" \/>\t\t\t\t\t\t<span class=\"aig-gallery-hover\">\n\t\t\t\t\t\t\t\t\t\t\t\t\t<\/span>\n\t\t\t\t\t\t\t\t\t\t\t<\/a>\n\t\t\t\t\t\t\t\t\t<\/div>\n\t\t\t<\/div>\n\t\t\t\t\t<div class=\"qode-aig-image qode-item-space\">\n\t\t\t\t<div class=\"qode-aig-image-inner\">\n\t\t\t\t\t\t\t\t\t\t\t<a itemprop=\"image\" class=\"qode-aig-lightbox\" href=\"https:\/\/www.maisonpetitperlage.it\/wp-content\/uploads\/2018\/07\/maison-petit-perlage-stanza-chardonnay-03.jpg\" data-rel=\"prettyPhoto[image_gallery_pretty_photo-617]\" title=\"maison-petit-perlage-stanza-chardonnay-03\">\n\t\t\t\t\t\t\t\t\t\t\t<img loading=\"lazy\" decoding=\"async\" src=\"https:\/\/www.maisonpetitperlage.it\/wp-content\/uploads\/2018\/07\/maison-petit-perlage-stanza-chardonnay-03-300x300.jpg\" alt=\"\" width=\"300\" height=\"300\" \/>\t\t\t\t\t\t<span class=\"aig-gallery-hover\">\n\t\t\t\t\t\t\t\t\t\t\t\t\t<\/span>\n\t\t\t\t\t\t\t\t\t\t\t<\/a>\n\t\t\t\t\t\t\t\t\t<\/div>\n\t\t\t<\/div>\n\t\t\t<\/div>\n<\/div>[\/vc_column][vc_column width=&#8220;1\/2&#8243;][vc_column_text el_class=&#8220;font-special&#8220;]<\/p>\n<h2>Chardonnay Zimmer<\/h2>\n<p>[\/vc_column_text][vc_separator type=&#8220;normal&#8220; gradient_color=&#8220;yes&#8220; up=&#8220;10&#8243; down=&#8220;10&#8243;][vc_column_text el_class=&#8220;font-special&#8220;]Es bietet Platz f\u00fcr bis zu 4 Personen.[\/vc_column_text][vc_separator type=&#8220;normal&#8220; gradient_color=&#8220;yes&#8220; up=&#8220;10&#8243; down=&#8220;10&#8243;][vc_empty_space height=&#8220;10px&#8220;][vc_column_text el_class=&#8220;font-special&#8220;]<\/p>\n<h3 style=\"font-size: 14px; line-height: 21px;\"><b>MINIMAL PAKET: ZWEI N\u00c4CHTE<\/b><\/h3>\n<p>[\/vc_column_text][vc_empty_space height=&#8220;10px&#8220;][vc_column_text el_class=&#8220;font-special&#8220;]<\/p>\n<h3><b>Rate 200 \u20ac<\/b><\/h3>\n<p>[\/vc_column_text][vc_empty_space height=&#8220;20px&#8220;]<div class=\"qode-accordion-holder clearfix qode-accordion qode-initial \">\n\t<h3 class=\"clearfix qode-title-holder\">\n<span class=\"qode-tab-title\">\n\t    <span class=\"qode-tab-title-inner\">\n        Beschreibung    <\/span>\n<\/span>\n<span class=\"qode-accordion-mark\">\n    <span class=\"qode-accordion-mark-icon\">\n        <span class=\"icon_plus\"><\/span>\n        <span class=\"icon_minus-06\"><\/span>\n    <\/span>\n<\/span>\n<\/h3>\n<div class=\"qode-accordion-content \" >\n    <div class=\"qode-accordion-content-inner\">\n        [vc_column_text]Ein Zimmer f\u00fcr eine Familie, fein Gef\u00e4rbt, mit einem Holzdach und zwei gro\u00dfen Oberlichtern, um den Sternenhimmel w\u00e4hrend der Nacht zu genie\u00dfen. Ein Doppelbett M\u00f6glichkeit f\u00fcr zwei Zustellbetten. K\u00fchlschrank mit Champagner, Eis und ausreichend Gl\u00e4sern best\u00fcckt. Klimaanlage, Smart TV, WI \u2013 FI und Schlie\u00dffach.<br \/>\nEs gibt auch ein gem\u00fctliches Solarium Nut Sofas und Sesseln, um einen Aperitif mit Blick auf die H\u00fcgel zu genie\u00dfen oder in der Sonne zu entspannen.[\/vc_column_text]    <\/div>\n<\/div><h3 class=\"clearfix qode-title-holder\">\n<span class=\"qode-tab-title\">\n\t    <span class=\"qode-tab-title-inner\">\n        Prestige-Paket    <\/span>\n<\/span>\n<span class=\"qode-accordion-mark\">\n    <span class=\"qode-accordion-mark-icon\">\n        <span class=\"icon_plus\"><\/span>\n        <span class=\"icon_minus-06\"><\/span>\n    <\/span>\n<\/span>\n<\/h3>\n<div class=\"qode-accordion-content \" >\n    <div class=\"qode-accordion-content-inner\">\n        [vc_column_text]<\/p>\n<h4>Prestige \u2013 Angebot ab <b>350\u20ac<\/b><\/h4>\n<p>&nbsp;<\/p>\n<p>Aperitif \u2013 Champagner bei der Ankunft<br \/>\n(Austern \u2013 Erdbeeren \u2013 Tr\u00fcffel \u2013 Pilze je nach Saison, u.s.w.)<\/p>\n<p>&nbsp;<\/p>\n<p>1 Kiste Krumiri bei der Ankunft im Zimmer.<br \/>\n(<em>typische Kekse, weltbekannt<\/em>)<\/p>\n<p>&nbsp;<\/p>\n<p>1 Flasche Champagner bei der Ankunft im Zimmer<\/p>\n<p>&nbsp;<\/p>\n<p>1 Abendessen in einem typischen Restaurant zum verlosten von Men\u00fcs (Weine nicht inbegriffen)<\/p>\n<p>&nbsp;<\/p>\n<p><strong>Prestige \u2013 Fr\u00fchst\u00fcck inbegriffen<\/strong><\/p>\n<p style=\"font-weight: 400;\">Das Fr\u00fchst\u00fcck wird mit Champagner serviert und es umfasst: Pfannkuchen mit Lachs, Aufschnitt und K\u00e4se mit Senf und Marmeladen, gebackene Tropea \u2013 Zwiebeln, Kaviar, Obst der Saison, Dinkel \u2013 und Gem\u00fcsesalat, Thunfischmousse mit Garnelen, Pflaumenkuchen, Kuchen, Joghurt, Trockenfr\u00fcchte,\u2026<\/p>\n<p>&nbsp;<\/p>\n<p style=\"font-weight: 400;\">Alles nach Saison und Verf\u00fcgbarkeit.<\/p>\n<p>[\/vc_column_text]    <\/div>\n<\/div><h3 class=\"clearfix qode-title-holder\">\n<span class=\"qode-tab-title\">\n\t    <span class=\"qode-tab-title-inner\">\n        Transfer    <\/span>\n<\/span>\n<span class=\"qode-accordion-mark\">\n    <span class=\"qode-accordion-mark-icon\">\n        <span class=\"icon_plus\"><\/span>\n        <span class=\"icon_minus-06\"><\/span>\n    <\/span>\n<\/span>\n<\/h3>\n<div class=\"qode-accordion-content \" >\n    <div class=\"qode-accordion-content-inner\">\n        [vc_column_text]<\/p>\n<h4>Transfer vom Flughafen Turin \u2013 Mailand Linate \u2013 Mailand Malpensa \u2013 Bergamo mit privatem Jaguar \u2013 Auto f\u00fcr maximal 4 G\u00e4ste.<\/h4>\n<p>&nbsp;<\/p>\n<p><strong>TURIN<\/strong><br \/>\nCTA verf\u00fcgt \u00fcber langj\u00e4hrige und erfahrene Mitarbeiter und Bietet exklusive Dienstleistungen f\u00fcr lange und kurze Reisen an, um die Verf\u00fcgbarkeit rund um die Uhr sicherzustellen, um den Kunden alle Antworten f\u00fcr jeden Bedarf zu bieten.<\/p>\n<p>&nbsp;<\/p>\n<p>Der Service kann zum Zeitpunkt der Abreise oder bei Ankunft am Schalter des Flughafens in der Ankunftshalle des Terminals oder \u00fcber die folgenden Referenzen angefordert werden:<\/p>\n<p>&nbsp;<\/p>\n<p><span style=\"color: #339966;\"><strong>Geb\u00fchrenfreie Nummer<\/strong>: 848\/788711<\/span><br \/>\n<strong>Telefonnumme<\/strong>: +39 011.9963090<br \/>\n<strong>Fax<\/strong>: +39 011.9915743<br \/>\n<strong>E-mail<\/strong>:\u00a0<a href=\"mailto:preventivi@cta-to.com\">preventivi@cta-to.com<\/a><br \/>\n<strong>Internet<\/strong>: <a href=\"http:\/\/www.cta-to.com\/it\/home\/\">www.cta-to.com<\/a><\/p>\n<p>&nbsp;<\/p>\n<h4>MAILAND LINATE-MALPENSA\/BERGAMO<br \/>\nKomfort \u2013 Zuverl\u00e4ssigkeit \u2013 Diskretion<\/h4>\n<p>&nbsp;<\/p>\n<p>Unser Service von NCC Mietwagen mit Fahrer Mailand, Private Taxi Mailand.<\/p>\n<p>&nbsp;<\/p>\n<p>Sie interessieren sich f\u00fcr unsere Dienstleistungen? NCC Mietwagen mit Fahrer wenn Sie Fragen haben, senden Sie uns bitte eine Nachricht oder \u00fcber Whatsapp.<br \/>\n<strong><span style=\"color: #339966;\">Cell: +39\u00a03351093518<\/span><\/strong>.[\/vc_column_text]    <\/div>\n<\/div><\/div>[vc_row_inner row_type=&#8220;row&#8220; type=&#8220;full_width&#8220; text_align=&#8220;left&#8220; css_animation=&#8220;&#8220;][vc_column_inner][vc_empty_space height=&#8220;40px&#8220;][vc_column_text el_class=&#8220;font-special&#8220;]<\/p>\n<h3 style=\"font-size: 14px; line-height: 21px; text-transform: uppercase;\"><b>Buchen Sie jetztIhr Zimmer<\/b>&lt;\/h3[\/vc_column_text][vc_empty_space height=&#8220;20px&#8220;][vc_column_text el_class=&#8220;displaynone&#8220;]<\/h3>\n<p style=\"text-align: left;\"><a  itemprop=\"url\" href=\"\/de\/kontakt\/\" target=\"_self\" data-hover-background-color=#ffea5a data-hover-border-color=#ffea5a data-hover-color=#fff class=\"qbutton  default\" style=\"color: #000; border-color: #ffde00; background-color: #ffde00;\">klicken Sie hier, um die Verf\u00fcgbarkeit zu pr\u00fcfen<\/a><\/p>\n<p>[\/vc_column_text][\/vc_column_inner][\/vc_row_inner][vc_column_text]<\/p>\n<div id=\"booking-tool-container-allApartments\"><script type=\"text\/javascript\" src=\"https:\/\/login.smoobu.com\/js\/Settings\/BookingToolIframe.js\"><\/script><br \/>\n<script>BookingToolIframe.initialize({\"url\": \"https:\/\/login.smoobu.com\/it\/booking-tool\/iframe\/13042\", \"baseUrl\": \"https:\/\/login.smoobu.com\", \"target\": \"#booking-tool-container-allApartments\"})<\/script><\/div>\n<p>[\/vc_column_text][\/vc_column][\/vc_row][vc_row css_animation=&#8220;&#8220; row_type=&#8220;row&#8220; use_row_as_full_screen_section=&#8220;no&#8220; type=&#8220;full_width&#8220; angled_section=&#8220;no&#8220; text_align=&#8220;left&#8220; background_image_as_pattern=&#8220;without_pattern&#8220; z_index=&#8220;&#8220; css=&#8220;.vc_custom_1531730772067{padding-right: 3% !important;padding-left: 3% !important;background-color: #000000 !important;}&#8220;][vc_column]<div class=\"call_to_action normal\" style=\"\"><div class=\"two_columns_75_25 clearfix\"><div class=\"text_wrapper column1\"><div class=\"call_to_action_text \" style=\"\">Ben\u00f6tigen Sie weitere Informationen? Kontaktieren Sie uns, unser STAFF steht Ihnen jederzeit zur Verf\u00fcgung, um Ihre Fragen zu beantworten.<\/div><\/div><div class=\"button_wrapper column2\"><a itemprop=\"url\" href=\"\/de\/kontakt\/\" class=\"qbutton white \" target=\"_self\" style=\"color: #000000;background-color: #ffde00;\"data-hover-background-color=#ffea5a data-hover-color=#000000>Fordern Sie weitere Informationen an<\/a><\/div><\/div><\/div>[\/vc_column][\/vc_row]<\/p>\n","protected":false},"excerpt":{"rendered":"<p>[vc_row css_animation=&#8220;&#8220; row_type=&#8220;row&#8220; use_row_as_full_screen_section=&#8220;no&#8220; type=&#8220;grid&#8220; angled_section=&#8220;no&#8220; text_align=&#8220;left&#8220; background_image_as_pattern=&#8220;without_pattern&#8220; css=&#8220;.vc_custom_1533115506458{padding-top: 5% !important;padding-bottom: 5% !important;}&#8220; z_index=&#8220;&#8220;][vc_column width=&#8220;1\/2&#8243;][vc_single_image image=&#8220;16477&#8243; img_size=&#8220;full&#8220; alignment=&#8220;center&#8220; onclick=&#8220;zoom&#8220; qode_css_animation=&#8220;&#8220;][vc_empty_space height=&#8220;20px&#8220;][\/vc_column][vc_column width=&#8220;1\/2&#8243;][vc_column_text el_class=&#8220;font-special&#8220;] Chardonnay Zimmer [\/vc_column_text][vc_separator type=&#8220;normal&#8220; gradient_color=&#8220;yes&#8220; up=&#8220;10&#8243; down=&#8220;10&#8243;][vc_column_text el_class=&#8220;font-special&#8220;]Es bietet Platz f\u00fcr bis zu 4 Personen.[\/vc_column_text][vc_separator type=&#8220;normal&#8220; gradient_color=&#8220;yes&#8220;&#8230;<\/p>\n","protected":false},"author":2,"featured_media":0,"parent":16462,"menu_order":0,"comment_status":"closed","ping_status":"closed","template":"full_width.php","meta":{"footnotes":""},"class_list":["post-16463","page","type-page","status-publish","hentry"],"_links":{"self":[{"href":"https:\/\/www.maisonpetitperlage.it\/de\/wp-json\/wp\/v2\/pages\/16463","targetHints":{"allow":["GET"]}}],"collection":[{"href":"https:\/\/www.maisonpetitperlage.it\/de\/wp-json\/wp\/v2\/pages"}],"about":[{"href":"https:\/\/www.maisonpetitperlage.it\/de\/wp-json\/wp\/v2\/types\/page"}],"author":[{"embeddable":true,"href":"https:\/\/www.maisonpetitperlage.it\/de\/wp-json\/wp\/v2\/users\/2"}],"replies":[{"embeddable":true,"href":"https:\/\/www.maisonpetitperlage.it\/de\/wp-json\/wp\/v2\/comments?post=16463"}],"version-history":[{"count":5,"href":"https:\/\/www.maisonpetitperlage.it\/de\/wp-json\/wp\/v2\/pages\/16463\/revisions"}],"predecessor-version":[{"id":17302,"href":"https:\/\/www.maisonpetitperlage.it\/de\/wp-json\/wp\/v2\/pages\/16463\/revisions\/17302"}],"up":[{"embeddable":true,"href":"https:\/\/www.maisonpetitperlage.it\/de\/wp-json\/wp\/v2\/pages\/16462"}],"wp:attachment":[{"href":"https:\/\/www.maisonpetitperlage.it\/de\/wp-json\/wp\/v2\/media?parent=16463"}],"curies":[{"name":"wp","href":"https:\/\/api.w.org\/{rel}","templated":true}]}}