{"id":16462,"date":"2019-04-08T10:31:23","date_gmt":"2019-04-08T08:31:23","guid":{"rendered":"https:\/\/www.maisonpetitperlage.it\/?page_id=16462"},"modified":"2019-04-08T11:42:06","modified_gmt":"2019-04-08T09:42:06","slug":"zimmer","status":"publish","type":"page","link":"https:\/\/www.maisonpetitperlage.it\/de\/zimmer\/","title":{"rendered":"Zimmer"},"content":{"rendered":"<p>[vc_row css_animation=&#8220;&#8220; row_type=&#8220;row&#8220; use_row_as_full_screen_section=&#8220;no&#8220; type=&#8220;grid&#8220; angled_section=&#8220;no&#8220; text_align=&#8220;center&#8220; background_image=&#8220;15702&#8243; background_image_as_pattern=&#8220;without_pattern&#8220; z_index=&#8220;&#8220; css=&#8220;.vc_custom_1535624045397{padding-top: 160px !important;}&#8220;][vc_column][qode_elements_holder number_of_columns=&#8220;one_column&#8220;][qode_elements_holder_item item_padding=&#8220;3% 0&#8243; advanced_animations=&#8220;no&#8220; item_padding_1280_1440=&#8220;20% 0&#8243; item_padding_1024_1280=&#8220;18% 0&#8243; item_padding_768_1024=&#8220;42% 0&#8243;][vc_single_image image=&#8220;15450&#8243; img_size=&#8220;full&#8220; alignment=&#8220;center&#8220; qode_css_animation=&#8220;&#8220;][vc_empty_space height=&#8220;40px&#8220;][vc_column_text]<\/p>\n<h2 style=\"text-align: center;\"><span style=\"color: #ffffff;\">B&amp;B Petit Perlage<\/span><\/h2>\n<p>[\/vc_column_text][vc_empty_space height=&#8220;10px&#8220;][vc_column_text]<\/p>\n<h3 style=\"text-align: center;\"><span style=\"color: #ffffff;\">Minimal Paket: zwei N\u00e4chte<\/span><\/h3>\n<p>[\/vc_column_text][vc_empty_space height=&#8220;10px&#8220;][\/qode_elements_holder_item][\/qode_elements_holder][vc_row_inner row_type=&#8220;row&#8220; type=&#8220;full_width&#8220; text_align=&#8220;left&#8220; css_animation=&#8220;&#8220;][vc_column_inner width=&#8220;1\/2&#8243;][vc_column_text]<\/p>\n<p style=\"text-align: justify;\"><span style=\"color: #ffffff;\">Maison Petit Perlage befindet sich in Piemont in der N\u00e4he von Casale Monferrato, Vercelli und Alessandria. in einer Stunde erreichen Sie Mailand.<\/span><\/p>\n<p style=\"text-align: justify;\"><span style=\"color: #ffffff;\">In weniger als einer Stunde erreicht man Turin, Alba oder Genova und das Meer. Wir sind in den Monferrato H\u00fcgeln, die das Land des guten Essen, der exzellenten Weine und oder atemberaubende Ansichen. Mittelalterliche Schl\u00f6sser, Landh\u00e4user und das \u201eSacro Monte di Crea\u201c (UNESCO \u2013 Welterbe) sind nur einige der vielen Sehensw\u00fcrdigkeiten, die Gegend bietet.<\/span><\/p>\n<p style=\"text-align: justify;\"><span style=\"color: #ffffff;\">Das Monferrato ist ein bezaubernder Ort, an dem die Natur herrscht und Gastfreundschaff Zu Hause ist.<\/span><\/p>\n<p style=\"text-align: justify;\"><span style=\"color: #ffffff;\">Es gibt unz\u00e4hlige Routen durch Weinberge, Fl\u00fcsse und Orte von historischem Interesse, zu Fu\u00df, mit dem Fahrrad, mit dem Motorrad oder zu Pferd zu Verlorene D\u00f6rfer, in denen vokale Traditionen und Geschichte zusammenkommen, schaffen eine einzigartige und beeindruckende Atmosph\u00e4re.<\/span><\/p>\n<p style=\"text-align: justify;\"><span style=\"color: #ffffff;\">Maison Petit Perlage befindet sich in Serralunga di Crea in der Localit\u00e0 Gavanni 2, nur wenige Gehminuten von suggestiven Sacro Monte di Crea entfernt.<\/span><\/p>\n<p>[\/vc_column_text][\/vc_column_inner][vc_column_inner width=&#8220;1\/2&#8243;][vc_column_text]<\/p>\n<p style=\"text-align: justify;\"><span style=\"color: #ffffff;\">Auf einem Grundst\u00fcck von 10 Tausend Quadratmetern, umgeben von gr\u00fcner Landschaft, stammt es aus dem Wunsch, im Herzen des Monferrato maximalen Komfort zu bieten. <\/span><\/p>\n<p style=\"text-align: justify;\"><span style=\"color: #ffffff;\">Es ist mir dem Hubschrauber, dank der privaten Landebahn in Grundst\u00fcck, oder von den wichtigsten Fwgh\u00e4fen oder Bahnh\u00f6fen mir Limousinen \u2013 Service, die von Maison Petit Perlage unterzeichnet wurden, erreichbar; dieses charmante Gasthaus bietet drei komfortable Themenzimmer, die von Innenarchitekten Illustrator Tiziano Boglio eingerichtet wurden.<\/span><\/p>\n<p style=\"text-align: justify;\"><span style=\"color: #ffffff;\">Dank der gut sortierten Champagnerie von Maison Petit Perlage kann man Momente absoluter Entspannung bei maximalem Komfort zwischen eindrucksvollem und spritzigem Champagner erleben. \u00dcber 40 Etiketten mit sorgf\u00e4ltig ausgew\u00e4hltem Champagner erh\u00e4ltlich!<\/span><\/p>\n<p style=\"text-align: justify;\"><span style=\"color: #ffffff;\">Der Champagner, der die wahre Leidenschaft der Besitzer ist, War die treibende Kraft, um einen verwunschenen Ort in der N\u00e4he des Sacro Monte di Crea wiederzubeleben, um die aufregende Welt der Vignerons champenois zu erleben!<\/span><\/p>\n<p style=\"text-align: justify;\"><span style=\"color: #ffffff;\">So entstehen die drei bezaubernden Themenzimmer:<\/span><\/p>\n<p>[\/vc_column_text][\/vc_column_inner][\/vc_row_inner][vc_empty_space height=&#8220;100px&#8220;][\/vc_column][\/vc_row][vc_row css_animation=&#8220;&#8220; row_type=&#8220;row&#8220; use_row_as_full_screen_section=&#8220;no&#8220; type=&#8220;full_width&#8220; angled_section=&#8220;no&#8220; text_align=&#8220;left&#8220; background_image_as_pattern=&#8220;without_pattern&#8220; z_index=&#8220;&#8220; css=&#8220;.vc_custom_1544175851931{padding-top: 80px !important;padding-bottom: 80px !important;}&#8220;][vc_column][vc_row_inner row_type=&#8220;row&#8220; type=&#8220;full_width&#8220; text_align=&#8220;left&#8220; css_animation=&#8220;&#8220; css=&#8220;.vc_custom_1532345131253{padding-right: 10% !important;padding-left: 10% !important;}&#8220;][vc_column_inner el_class=&#8220;box-height&#8220; width=&#8220;1\/3&#8243;][vc_single_image image=&#8220;16565&#8243; img_size=&#8220;full&#8220; alignment=&#8220;center&#8220; qode_css_animation=&#8220;&#8220;][vc_column_text]<\/p>\n<h2 style=\"text-align: left;\">Pinot Noir<\/h2>\n<h2 style=\"text-align: left;\">Zimmer<\/h2>\n<p>[\/vc_column_text]<div class=\"custom_font_holder\" style=\"font-family: Allura; font-size: 31px; line-height: 35px; font-style: normal; font-weight: 400; color: #1f1a15; text-decoration: underline; letter-spacing: 0px; text-align: left;\">\n<p style=\"text-align: left;\"><a href=\"\/de\/pinot-noir-zimmer\/\">Weitere Einzelheiten<\/a><\/p>\n<\/div>[\/vc_column_inner][vc_column_inner el_class=&#8220;box-height&#8220; width=&#8220;1\/3&#8243;][vc_single_image image=&#8220;16561&#8243; img_size=&#8220;full&#8220; alignment=&#8220;center&#8220; qode_css_animation=&#8220;&#8220;][vc_column_text]<\/p>\n<h2 style=\"text-align: left;\">Pinot Munier<\/h2>\n<h2 style=\"text-align: left;\">Zimmer<\/h2>\n<p>[\/vc_column_text]<div class=\"custom_font_holder\" style=\"font-family: Allura; font-size: 31px; line-height: 35px; font-style: normal; font-weight: 400; color: #1f1a15; text-decoration: underline; letter-spacing: 0px; text-align: left;\">\n<p style=\"text-align: left;\"><a href=\"\/de\/pinot-meunier-zimmer\/\">Weitere Einzelheiten<\/a><\/p>\n<\/div>[\/vc_column_inner][vc_column_inner el_class=&#8220;box-height&#8220; width=&#8220;1\/3&#8243;][vc_single_image image=&#8220;16553&#8243; img_size=&#8220;full&#8220; alignment=&#8220;center&#8220; qode_css_animation=&#8220;&#8220;][vc_column_text]<\/p>\n<h2 style=\"text-align: left;\">Chardonnay<\/h2>\n<h2 style=\"text-align: left;\">Zimmer<\/h2>\n<p>[\/vc_column_text]<div class=\"custom_font_holder\" style=\"font-family: Allura; font-size: 31px; line-height: 35px; font-style: normal; font-weight: 400; color: #1f1a15; text-decoration: underline; letter-spacing: 0px; text-align: left;\">\n<p style=\"text-align: left;\"><a href=\"\/de\/chardonnay-zimmer\/\">Weitere Einzelheiten<\/a><\/p>\n<\/div>[\/vc_column_inner][\/vc_row_inner][\/vc_column][\/vc_row]<\/p>\n","protected":false},"excerpt":{"rendered":"<p>[vc_row css_animation=&#8220;&#8220; row_type=&#8220;row&#8220; use_row_as_full_screen_section=&#8220;no&#8220; type=&#8220;grid&#8220; angled_section=&#8220;no&#8220; text_align=&#8220;center&#8220; background_image=&#8220;15702&#8243; background_image_as_pattern=&#8220;without_pattern&#8220; z_index=&#8220;&#8220; css=&#8220;.vc_custom_1535624045397{padding-top: 160px !important;}&#8220;][vc_column][qode_elements_holder number_of_columns=&#8220;one_column&#8220;][qode_elements_holder_item item_padding=&#8220;3% 0&#8243; advanced_animations=&#8220;no&#8220; item_padding_1280_1440=&#8220;20% 0&#8243; item_padding_1024_1280=&#8220;18% 0&#8243; item_padding_768_1024=&#8220;42% 0&#8243;][vc_single_image image=&#8220;15450&#8243; img_size=&#8220;full&#8220; alignment=&#8220;center&#8220; qode_css_animation=&#8220;&#8220;][vc_empty_space height=&#8220;40px&#8220;][vc_column_text] B&amp;B Petit Perlage [\/vc_column_text][vc_empty_space height=&#8220;10px&#8220;][vc_column_text] Minimal Paket: zwei N\u00e4chte [\/vc_column_text][vc_empty_space height=&#8220;10px&#8220;][\/qode_elements_holder_item][\/qode_elements_holder][vc_row_inner row_type=&#8220;row&#8220;&#8230;<\/p>\n","protected":false},"author":2,"featured_media":0,"parent":0,"menu_order":0,"comment_status":"closed","ping_status":"closed","template":"full_width.php","meta":{"footnotes":""},"class_list":["post-16462","page","type-page","status-publish","hentry"],"_links":{"self":[{"href":"https:\/\/www.maisonpetitperlage.it\/de\/wp-json\/wp\/v2\/pages\/16462","targetHints":{"allow":["GET"]}}],"collection":[{"href":"https:\/\/www.maisonpetitperlage.it\/de\/wp-json\/wp\/v2\/pages"}],"about":[{"href":"https:\/\/www.maisonpetitperlage.it\/de\/wp-json\/wp\/v2\/types\/page"}],"author":[{"embeddable":true,"href":"https:\/\/www.maisonpetitperlage.it\/de\/wp-json\/wp\/v2\/users\/2"}],"replies":[{"embeddable":true,"href":"https:\/\/www.maisonpetitperlage.it\/de\/wp-json\/wp\/v2\/comments?post=16462"}],"version-history":[{"count":3,"href":"https:\/\/www.maisonpetitperlage.it\/de\/wp-json\/wp\/v2\/pages\/16462\/revisions"}],"predecessor-version":[{"id":16601,"href":"https:\/\/www.maisonpetitperlage.it\/de\/wp-json\/wp\/v2\/pages\/16462\/revisions\/16601"}],"wp:attachment":[{"href":"https:\/\/www.maisonpetitperlage.it\/de\/wp-json\/wp\/v2\/media?parent=16462"}],"curies":[{"name":"wp","href":"https:\/\/api.w.org\/{rel}","templated":true}]}}